{"id":212,"date":"2022-05-05T14:49:53","date_gmt":"2022-05-05T12:49:53","guid":{"rendered":"http:\/\/localhost\/lpb\/?page_id=212"},"modified":"2023-12-07T15:42:21","modified_gmt":"2023-12-07T14:42:21","slug":"poele-granule-bois-trivy-paray","status":"publish","type":"page","link":"https:\/\/lbp-chauffage.fr\/wbst\/chauffage-installation-depannage-cluny-71\/poele-granule-bois-trivy-paray\/","title":{"rendered":"Po\u00eale \u00e0 bois et granule pour votre chauffage pr\u00e8s de M\u00e2con"},"content":{"rendered":"\n<h2 class=\"wp-block-heading\">D\u00e9couvrez les avantages du po\u00eale \u00e0 bois et \u00e0 granule<\/h2>\n\n\n\n<div class=\"wp-block-columns are-vertically-aligned-center is-layout-flex wp-container-core-columns-is-layout-9d6595d7 wp-block-columns-is-layout-flex\">\n<div class=\"wp-block-column is-vertically-aligned-center is-layout-flow wp-block-column-is-layout-flow\">\n<p>Toutes nos familles de produits b\u00e9n\u00e9ficient des <strong>technologies <\/strong>les plus abouties afin de garantir un confort d\u2019utilisation optimale.&nbsp;<strong>S\u00e9curit\u00e9<\/strong>, <strong>respect des normes<\/strong> et <strong>satisfaction <\/strong>du <strong>client <\/strong>sont au c\u0153ur de nos pr\u00e9occupations.&nbsp;<strong>Haut rendement \u00e9nerg\u00e9tique et \u00e9cologique<\/strong>.&nbsp;Les couleurs, les lignes \u00e9pur\u00e9es, les formes, technologiques sont \u00e9tudi\u00e9es soigneusement pour faire de votre <strong>po\u00eale <\/strong>un v\u00e9ritable atout d\u00e9coratif.&nbsp;Faites confiance \u00e0 notre<strong> savoir-faire<\/strong>, il ne vous reste qu\u2019\u00e0 choisir&nbsp;:<\/p>\n\n\n\n<ul class=\"wp-block-list\">\n<li><em><strong>Le charme du feu de bois : <\/strong><\/em>joignez l\u2019utile \u00e0 l\u2019agr\u00e9able<\/li>\n\n\n\n<li><em><strong>Po\u00eale \u00e0 granul\u00e9s<\/strong><\/em> : pratique au quotidien, simple \u00e0 manipuler, transporter et \u00e0 conserver.<\/li>\n\n\n\n<li><em><strong>Mixte<\/strong><\/em> : performant et \u00e9cologique<\/li>\n<\/ul>\n\n\n\n<p><strong>LBP Chauffage<\/strong>&nbsp;vous propose des<strong>&nbsp;solutions adapt\u00e9es<\/strong>&nbsp;\u00e0 vos envies.&nbsp;<strong>R\u00e9actifs&nbsp;<\/strong>et<strong>&nbsp;\u00e0 votre \u00e9coute<\/strong>, nous nous d\u00e9pla\u00e7ons dans un<strong><a href=\"https:\/\/lbp-chauffage.fr\/chauffagiste-plombier-installation-paray-macon-cluny-71\/\">&nbsp;<strong>rayon de 50 kilom\u00e8tres&nbsp;<\/strong><\/a><\/strong>autour de nos locaux. Vous pouvez nous retrouver sur les secteurs de<strong>&nbsp;Paray-le-Monial, M\u00e2con, Charolles et Cluny (71)<\/strong>. Avec une exp\u00e9rience de plus de&nbsp;<strong>15 ans<\/strong>,&nbsp;<strong>Lo\u00efc Beloux<\/strong>, au travers de&nbsp;<strong>LBP Chauffage&nbsp;<\/strong>vous garantit un<strong>&nbsp;r\u00e9sultat impeccable.<\/strong><\/p>\n\n\n\n<p>Nous sommes \u00e9galement \u00e0 votre service pour tous vos besoins en\u00a0<strong><a href=\"https:\/\/lbp-chauffage.fr\/plombier-chauffagiste\/travaux-plomberie-paray-monial-71\/\"><strong>plomberie<\/strong><\/a><\/strong>, pour<strong>\u00a0l\u2019installation de vos\u00a0<a href=\"https:\/\/lbp-chauffage.fr\/plombier-chauffagiste\/chauffage-installation-depannage-cluny-71\/\"><strong>syst\u00e8mes de chauffages<\/strong><\/a>,<\/strong>\u00a0de\u00a0<strong><a href=\"https:\/\/lbp-chauffage.fr\/plombier-chauffagiste\/pompe-chaleur-climatisation-macon-cluny-71\/\"><strong>pompes \u00e0 chaleur<\/strong><\/a><\/strong>.\u00a0<strong>LBP Chauffage<\/strong>\u00a0intervient \u00e9galement pour vos besoins en\u00a0<strong><a href=\"https:\/\/lbp-chauffage.fr\/depannage-chauffage-plomberie-plombier-71\/\"><strong>d\u00e9pannage<\/strong><\/a><\/strong>, sur la\u00a0<strong>plomberie<\/strong>, et le\u00a0<strong>chauffage\u00a0<\/strong>de votre habitation.<\/p>\n\n\n\n<p>Quelles&nbsp;<strong>aides&nbsp;<\/strong>pour la<strong>&nbsp;r\u00e9novation \u00e9nerg\u00e9tique<\/strong>&nbsp;?&nbsp;<strong>&nbsp;Ma prime r\u00e9nov<\/strong>&nbsp;et le&nbsp;<strong>cr\u00e9dit d\u2019imp\u00f4t transition \u00e9nerg\u00e9tique.<\/strong><\/p>\n\n\n\n<p>Pour obtenir plus d\u2019informations, n\u2019h\u00e9sitez pas \u00e0&nbsp;<strong><a href=\"https:\/\/lbp-chauffage.fr\/contact-plombier-chauffage-sanitaires-paray-cluny-71\/\"><strong>nous contacter.<\/strong><\/a><\/strong><\/p>\n<\/div>\n\n\n\n<div class=\"wp-block-column is-vertically-aligned-center is-layout-flow wp-block-column-is-layout-flow\">\n<figure class=\"wp-block-image size-full\"><img loading=\"lazy\" decoding=\"async\" width=\"1024\" height=\"768\" src=\"https:\/\/lbp-chauffage.fr\/contenu\/uploads\/2022\/09\/living-room-design-with-fireplace.jpg\" alt=\"\" class=\"wp-image-299\" srcset=\"https:\/\/lbp-chauffage.fr\/contenu\/uploads\/2022\/09\/living-room-design-with-fireplace.jpg 1024w, https:\/\/lbp-chauffage.fr\/contenu\/uploads\/2022\/09\/living-room-design-with-fireplace-300x225.jpg 300w, https:\/\/lbp-chauffage.fr\/contenu\/uploads\/2022\/09\/living-room-design-with-fireplace-768x576.jpg 768w, https:\/\/lbp-chauffage.fr\/contenu\/uploads\/2022\/09\/living-room-design-with-fireplace-476x357.jpg 476w\" sizes=\"auto, (max-width: 706px) 89vw, (max-width: 767px) 82vw, 740px\" \/><\/figure>\n<\/div>\n<\/div>\n\n\n\n<p><\/p>\n\n\n\n<div class=\"wp-block-columns are-vertically-aligned-center is-layout-flex wp-container-core-columns-is-layout-9d6595d7 wp-block-columns-is-layout-flex\">\n<div class=\"wp-block-column is-vertically-aligned-center is-layout-flow wp-block-column-is-layout-flow\">\n<figure class=\"wp-block-image size-full\"><img loading=\"lazy\" decoding=\"async\" width=\"300\" height=\"103\" src=\"https:\/\/lbp-chauffage.fr\/contenu\/uploads\/2022\/05\/logo-poele-superior.png\" alt=\"\" class=\"wp-image-238\"\/><\/figure>\n<\/div>\n\n\n\n<div class=\"wp-block-column is-vertically-aligned-center is-layout-flow wp-block-column-is-layout-flow\">\n<figure class=\"wp-block-image size-full\"><img loading=\"lazy\" decoding=\"async\" width=\"478\" height=\"105\" src=\"https:\/\/lbp-chauffage.fr\/contenu\/uploads\/2022\/05\/telechargement-2.png\" alt=\"\" class=\"wp-image-237\" srcset=\"https:\/\/lbp-chauffage.fr\/contenu\/uploads\/2022\/05\/telechargement-2.png 478w, https:\/\/lbp-chauffage.fr\/contenu\/uploads\/2022\/05\/telechargement-2-300x66.png 300w, https:\/\/lbp-chauffage.fr\/contenu\/uploads\/2022\/05\/telechargement-2-476x105.png 476w\" sizes=\"auto, (max-width: 478px) 100vw, 478px\" \/><\/figure>\n<\/div>\n\n\n\n<div class=\"wp-block-column is-vertically-aligned-center is-layout-flow wp-block-column-is-layout-flow\">\n<figure class=\"wp-block-image size-full\"><img loading=\"lazy\" decoding=\"async\" width=\"374\" height=\"135\" src=\"https:\/\/lbp-chauffage.fr\/contenu\/uploads\/2022\/05\/telechargement-3.png\" alt=\"\" class=\"wp-image-236\" srcset=\"https:\/\/lbp-chauffage.fr\/contenu\/uploads\/2022\/05\/telechargement-3.png 374w, https:\/\/lbp-chauffage.fr\/contenu\/uploads\/2022\/05\/telechargement-3-300x108.png 300w\" sizes=\"auto, (max-width: 374px) 100vw, 374px\" \/><\/figure>\n<\/div>\n\n\n\n<div class=\"wp-block-column is-vertically-aligned-center is-layout-flow wp-block-column-is-layout-flow\">\n<figure class=\"wp-block-image size-full\"><img loading=\"lazy\" decoding=\"async\" width=\"350\" height=\"130\" src=\"https:\/\/lbp-chauffage.fr\/contenu\/uploads\/2022\/05\/deville-new_1.png\" alt=\"\" class=\"wp-image-235\" srcset=\"https:\/\/lbp-chauffage.fr\/contenu\/uploads\/2022\/05\/deville-new_1.png 350w, https:\/\/lbp-chauffage.fr\/contenu\/uploads\/2022\/05\/deville-new_1-300x111.png 300w\" sizes=\"auto, (max-width: 350px) 100vw, 350px\" \/><\/figure>\n<\/div>\n\n\n\n<div class=\"wp-block-column is-vertically-aligned-center is-layout-flow wp-block-column-is-layout-flow\">\n<figure class=\"wp-block-image size-full\"><img loading=\"lazy\" decoding=\"async\" width=\"800\" height=\"179\" src=\"https:\/\/lbp-chauffage.fr\/contenu\/uploads\/2022\/05\/logo-morvan.png\" alt=\"\" class=\"wp-image-219\" srcset=\"https:\/\/lbp-chauffage.fr\/contenu\/uploads\/2022\/05\/logo-morvan.png 800w, https:\/\/lbp-chauffage.fr\/contenu\/uploads\/2022\/05\/logo-morvan-300x67.png 300w, https:\/\/lbp-chauffage.fr\/contenu\/uploads\/2022\/05\/logo-morvan-768x172.png 768w, https:\/\/lbp-chauffage.fr\/contenu\/uploads\/2022\/05\/logo-morvan-476x107.png 476w\" sizes=\"auto, (max-width: 706px) 89vw, (max-width: 767px) 82vw, 740px\" \/><\/figure>\n<\/div>\n<\/div>\n\n\n\n<p><\/p>\n","protected":false},"excerpt":{"rendered":"<p>D\u00e9couvrez les avantages du po\u00eale \u00e0 bois et \u00e0 granule Toutes nos familles de produits b\u00e9n\u00e9ficient des technologies les plus abouties afin de garantir un confort d\u2019utilisation optimale.&nbsp;S\u00e9curit\u00e9, respect des normes et satisfaction du client sont au c\u0153ur de nos pr\u00e9occupations.&nbsp;Haut rendement \u00e9nerg\u00e9tique et \u00e9cologique.&nbsp;Les couleurs, les lignes \u00e9pur\u00e9es, les formes, technologiques sont \u00e9tudi\u00e9es soigneusement<\/p>\n","protected":false},"author":6,"featured_media":0,"parent":191,"menu_order":0,"comment_status":"closed","ping_status":"closed","template":"","meta":{"_acf_changed":false,"footnotes":""},"class_list":["post-212","page","type-page","status-publish","hentry"],"acf":[],"yoast_head":"<!-- This site is optimized with the Yoast SEO plugin v27.4 - https:\/\/yoast.com\/product\/yoast-seo-wordpress\/ -->\n<title>LBP Chauffage installation de po\u00eale \u00e0 bois et granule \u00e0 Trivy<\/title>\n<meta name=\"robots\" content=\"index, follow, max-snippet:-1, max-image-preview:large, max-video-preview:-1\" \/>\n<link rel=\"canonical\" href=\"https:\/\/lbp-chauffage.fr\/wbst\/chauffage-installation-depannage-cluny-71\/poele-granule-bois-trivy-paray\/\" \/>\n<meta property=\"og:locale\" content=\"fr_FR\" \/>\n<meta property=\"og:type\" content=\"article\" \/>\n<meta property=\"og:title\" content=\"LBP Chauffage installation de po\u00eale \u00e0 bois et granule \u00e0 Trivy\" \/>\n<meta property=\"og:description\" content=\"D\u00e9couvrez les avantages du po\u00eale \u00e0 bois et \u00e0 granule Toutes nos familles de produits b\u00e9n\u00e9ficient des technologies les plus abouties afin de garantir un confort d\u2019utilisation optimale.&nbsp;S\u00e9curit\u00e9, respect des normes et satisfaction du client sont au c\u0153ur de nos pr\u00e9occupations.&nbsp;Haut rendement \u00e9nerg\u00e9tique et \u00e9cologique.&nbsp;Les couleurs, les lignes \u00e9pur\u00e9es, les formes, technologiques sont \u00e9tudi\u00e9es soigneusement\" \/>\n<meta property=\"og:url\" content=\"https:\/\/lbp-chauffage.fr\/wbst\/chauffage-installation-depannage-cluny-71\/poele-granule-bois-trivy-paray\/\" \/>\n<meta property=\"og:site_name\" content=\"LBP Chauffage\" \/>\n<meta property=\"article:modified_time\" content=\"2023-12-07T14:42:21+00:00\" \/>\n<meta property=\"og:image\" content=\"https:\/\/lbp-chauffage.fr\/contenu\/uploads\/2022\/09\/living-room-design-with-fireplace.jpg\" \/>\n<meta name=\"twitter:card\" content=\"summary_large_image\" \/>\n<meta name=\"twitter:label1\" content=\"Dur\u00e9e de lecture estim\u00e9e\" \/>\n\t<meta name=\"twitter:data1\" content=\"3 minutes\" \/>\n<script type=\"application\/ld+json\" class=\"yoast-schema-graph\">{\"@context\":\"https:\\\/\\\/schema.org\",\"@graph\":[{\"@type\":\"WebPage\",\"@id\":\"https:\\\/\\\/lbp-chauffage.fr\\\/wbst\\\/chauffage-installation-depannage-cluny-71\\\/poele-granule-bois-trivy-paray\\\/\",\"url\":\"https:\\\/\\\/lbp-chauffage.fr\\\/wbst\\\/chauffage-installation-depannage-cluny-71\\\/poele-granule-bois-trivy-paray\\\/\",\"name\":\"LBP Chauffage installation de po\u00eale \u00e0 bois et granule \u00e0 Trivy\",\"isPartOf\":{\"@id\":\"https:\\\/\\\/lbp-chauffage.fr\\\/wbst\\\/#website\"},\"primaryImageOfPage\":{\"@id\":\"https:\\\/\\\/lbp-chauffage.fr\\\/wbst\\\/chauffage-installation-depannage-cluny-71\\\/poele-granule-bois-trivy-paray\\\/#primaryimage\"},\"image\":{\"@id\":\"https:\\\/\\\/lbp-chauffage.fr\\\/wbst\\\/chauffage-installation-depannage-cluny-71\\\/poele-granule-bois-trivy-paray\\\/#primaryimage\"},\"thumbnailUrl\":\"https:\\\/\\\/lbp-chauffage.fr\\\/contenu\\\/uploads\\\/2022\\\/09\\\/living-room-design-with-fireplace.jpg\",\"datePublished\":\"2022-05-05T12:49:53+00:00\",\"dateModified\":\"2023-12-07T14:42:21+00:00\",\"breadcrumb\":{\"@id\":\"https:\\\/\\\/lbp-chauffage.fr\\\/wbst\\\/chauffage-installation-depannage-cluny-71\\\/poele-granule-bois-trivy-paray\\\/#breadcrumb\"},\"inLanguage\":\"fr-FR\",\"potentialAction\":[{\"@type\":\"ReadAction\",\"target\":[\"https:\\\/\\\/lbp-chauffage.fr\\\/wbst\\\/chauffage-installation-depannage-cluny-71\\\/poele-granule-bois-trivy-paray\\\/\"]}]},{\"@type\":\"ImageObject\",\"inLanguage\":\"fr-FR\",\"@id\":\"https:\\\/\\\/lbp-chauffage.fr\\\/wbst\\\/chauffage-installation-depannage-cluny-71\\\/poele-granule-bois-trivy-paray\\\/#primaryimage\",\"url\":\"https:\\\/\\\/lbp-chauffage.fr\\\/contenu\\\/uploads\\\/2022\\\/09\\\/living-room-design-with-fireplace.jpg\",\"contentUrl\":\"https:\\\/\\\/lbp-chauffage.fr\\\/contenu\\\/uploads\\\/2022\\\/09\\\/living-room-design-with-fireplace.jpg\"},{\"@type\":\"BreadcrumbList\",\"@id\":\"https:\\\/\\\/lbp-chauffage.fr\\\/wbst\\\/chauffage-installation-depannage-cluny-71\\\/poele-granule-bois-trivy-paray\\\/#breadcrumb\",\"itemListElement\":[{\"@type\":\"ListItem\",\"position\":1,\"name\":\"Home\",\"item\":\"https:\\\/\\\/lbp-chauffage.fr\\\/wbst\\\/\"},{\"@type\":\"ListItem\",\"position\":2,\"name\":\"Pose de vos syst\u00e8mes de chauffages pr\u00e8s de Cluny et Charolles\",\"item\":\"https:\\\/\\\/lbp-chauffage.fr\\\/wbst\\\/chauffage-installation-depannage-cluny-71\\\/\"},{\"@type\":\"ListItem\",\"position\":3,\"name\":\"Po\u00eale \u00e0 bois et granule pour votre chauffage pr\u00e8s de M\u00e2con\"}]},{\"@type\":\"WebSite\",\"@id\":\"https:\\\/\\\/lbp-chauffage.fr\\\/wbst\\\/#website\",\"url\":\"https:\\\/\\\/lbp-chauffage.fr\\\/wbst\\\/\",\"name\":\"LBP Chauffage\",\"description\":\"\",\"publisher\":{\"@id\":\"https:\\\/\\\/lbp-chauffage.fr\\\/wbst\\\/#organization\"},\"potentialAction\":[{\"@type\":\"SearchAction\",\"target\":{\"@type\":\"EntryPoint\",\"urlTemplate\":\"https:\\\/\\\/lbp-chauffage.fr\\\/wbst\\\/?s={search_term_string}\"},\"query-input\":{\"@type\":\"PropertyValueSpecification\",\"valueRequired\":true,\"valueName\":\"search_term_string\"}}],\"inLanguage\":\"fr-FR\"},{\"@type\":\"Organization\",\"@id\":\"https:\\\/\\\/lbp-chauffage.fr\\\/wbst\\\/#organization\",\"name\":\"LBP Chauffage\",\"url\":\"https:\\\/\\\/lbp-chauffage.fr\\\/wbst\\\/\",\"logo\":{\"@type\":\"ImageObject\",\"inLanguage\":\"fr-FR\",\"@id\":\"https:\\\/\\\/lbp-chauffage.fr\\\/wbst\\\/#\\\/schema\\\/logo\\\/image\\\/\",\"url\":\"https:\\\/\\\/lbp-chauffage.fr\\\/contenu\\\/uploads\\\/2022\\\/03\\\/lbp-chauffage-logo-footer.svg\",\"contentUrl\":\"https:\\\/\\\/lbp-chauffage.fr\\\/contenu\\\/uploads\\\/2022\\\/03\\\/lbp-chauffage-logo-footer.svg\",\"width\":515,\"height\":321,\"caption\":\"LBP Chauffage\"},\"image\":{\"@id\":\"https:\\\/\\\/lbp-chauffage.fr\\\/wbst\\\/#\\\/schema\\\/logo\\\/image\\\/\"}}]}<\/script>\n<!-- \/ Yoast SEO plugin. -->","yoast_head_json":{"title":"LBP Chauffage installation de po\u00eale \u00e0 bois et granule \u00e0 Trivy","robots":{"index":"index","follow":"follow","max-snippet":"max-snippet:-1","max-image-preview":"max-image-preview:large","max-video-preview":"max-video-preview:-1"},"canonical":"https:\/\/lbp-chauffage.fr\/wbst\/chauffage-installation-depannage-cluny-71\/poele-granule-bois-trivy-paray\/","og_locale":"fr_FR","og_type":"article","og_title":"LBP Chauffage installation de po\u00eale \u00e0 bois et granule \u00e0 Trivy","og_description":"D\u00e9couvrez les avantages du po\u00eale \u00e0 bois et \u00e0 granule Toutes nos familles de produits b\u00e9n\u00e9ficient des technologies les plus abouties afin de garantir un confort d\u2019utilisation optimale.&nbsp;S\u00e9curit\u00e9, respect des normes et satisfaction du client sont au c\u0153ur de nos pr\u00e9occupations.&nbsp;Haut rendement \u00e9nerg\u00e9tique et \u00e9cologique.&nbsp;Les couleurs, les lignes \u00e9pur\u00e9es, les formes, technologiques sont \u00e9tudi\u00e9es soigneusement","og_url":"https:\/\/lbp-chauffage.fr\/wbst\/chauffage-installation-depannage-cluny-71\/poele-granule-bois-trivy-paray\/","og_site_name":"LBP Chauffage","article_modified_time":"2023-12-07T14:42:21+00:00","og_image":[{"url":"https:\/\/lbp-chauffage.fr\/contenu\/uploads\/2022\/09\/living-room-design-with-fireplace.jpg","type":"","width":"","height":""}],"twitter_card":"summary_large_image","twitter_misc":{"Dur\u00e9e de lecture estim\u00e9e":"3 minutes"},"schema":{"@context":"https:\/\/schema.org","@graph":[{"@type":"WebPage","@id":"https:\/\/lbp-chauffage.fr\/wbst\/chauffage-installation-depannage-cluny-71\/poele-granule-bois-trivy-paray\/","url":"https:\/\/lbp-chauffage.fr\/wbst\/chauffage-installation-depannage-cluny-71\/poele-granule-bois-trivy-paray\/","name":"LBP Chauffage installation de po\u00eale \u00e0 bois et granule \u00e0 Trivy","isPartOf":{"@id":"https:\/\/lbp-chauffage.fr\/wbst\/#website"},"primaryImageOfPage":{"@id":"https:\/\/lbp-chauffage.fr\/wbst\/chauffage-installation-depannage-cluny-71\/poele-granule-bois-trivy-paray\/#primaryimage"},"image":{"@id":"https:\/\/lbp-chauffage.fr\/wbst\/chauffage-installation-depannage-cluny-71\/poele-granule-bois-trivy-paray\/#primaryimage"},"thumbnailUrl":"https:\/\/lbp-chauffage.fr\/contenu\/uploads\/2022\/09\/living-room-design-with-fireplace.jpg","datePublished":"2022-05-05T12:49:53+00:00","dateModified":"2023-12-07T14:42:21+00:00","breadcrumb":{"@id":"https:\/\/lbp-chauffage.fr\/wbst\/chauffage-installation-depannage-cluny-71\/poele-granule-bois-trivy-paray\/#breadcrumb"},"inLanguage":"fr-FR","potentialAction":[{"@type":"ReadAction","target":["https:\/\/lbp-chauffage.fr\/wbst\/chauffage-installation-depannage-cluny-71\/poele-granule-bois-trivy-paray\/"]}]},{"@type":"ImageObject","inLanguage":"fr-FR","@id":"https:\/\/lbp-chauffage.fr\/wbst\/chauffage-installation-depannage-cluny-71\/poele-granule-bois-trivy-paray\/#primaryimage","url":"https:\/\/lbp-chauffage.fr\/contenu\/uploads\/2022\/09\/living-room-design-with-fireplace.jpg","contentUrl":"https:\/\/lbp-chauffage.fr\/contenu\/uploads\/2022\/09\/living-room-design-with-fireplace.jpg"},{"@type":"BreadcrumbList","@id":"https:\/\/lbp-chauffage.fr\/wbst\/chauffage-installation-depannage-cluny-71\/poele-granule-bois-trivy-paray\/#breadcrumb","itemListElement":[{"@type":"ListItem","position":1,"name":"Home","item":"https:\/\/lbp-chauffage.fr\/wbst\/"},{"@type":"ListItem","position":2,"name":"Pose de vos syst\u00e8mes de chauffages pr\u00e8s de Cluny et Charolles","item":"https:\/\/lbp-chauffage.fr\/wbst\/chauffage-installation-depannage-cluny-71\/"},{"@type":"ListItem","position":3,"name":"Po\u00eale \u00e0 bois et granule pour votre chauffage pr\u00e8s de M\u00e2con"}]},{"@type":"WebSite","@id":"https:\/\/lbp-chauffage.fr\/wbst\/#website","url":"https:\/\/lbp-chauffage.fr\/wbst\/","name":"LBP Chauffage","description":"","publisher":{"@id":"https:\/\/lbp-chauffage.fr\/wbst\/#organization"},"potentialAction":[{"@type":"SearchAction","target":{"@type":"EntryPoint","urlTemplate":"https:\/\/lbp-chauffage.fr\/wbst\/?s={search_term_string}"},"query-input":{"@type":"PropertyValueSpecification","valueRequired":true,"valueName":"search_term_string"}}],"inLanguage":"fr-FR"},{"@type":"Organization","@id":"https:\/\/lbp-chauffage.fr\/wbst\/#organization","name":"LBP Chauffage","url":"https:\/\/lbp-chauffage.fr\/wbst\/","logo":{"@type":"ImageObject","inLanguage":"fr-FR","@id":"https:\/\/lbp-chauffage.fr\/wbst\/#\/schema\/logo\/image\/","url":"https:\/\/lbp-chauffage.fr\/contenu\/uploads\/2022\/03\/lbp-chauffage-logo-footer.svg","contentUrl":"https:\/\/lbp-chauffage.fr\/contenu\/uploads\/2022\/03\/lbp-chauffage-logo-footer.svg","width":515,"height":321,"caption":"LBP Chauffage"},"image":{"@id":"https:\/\/lbp-chauffage.fr\/wbst\/#\/schema\/logo\/image\/"}}]}},"_links":{"self":[{"href":"https:\/\/lbp-chauffage.fr\/wbst\/wp-json\/wp\/v2\/pages\/212","targetHints":{"allow":["GET"]}}],"collection":[{"href":"https:\/\/lbp-chauffage.fr\/wbst\/wp-json\/wp\/v2\/pages"}],"about":[{"href":"https:\/\/lbp-chauffage.fr\/wbst\/wp-json\/wp\/v2\/types\/page"}],"author":[{"embeddable":true,"href":"https:\/\/lbp-chauffage.fr\/wbst\/wp-json\/wp\/v2\/users\/6"}],"replies":[{"embeddable":true,"href":"https:\/\/lbp-chauffage.fr\/wbst\/wp-json\/wp\/v2\/comments?post=212"}],"version-history":[{"count":0,"href":"https:\/\/lbp-chauffage.fr\/wbst\/wp-json\/wp\/v2\/pages\/212\/revisions"}],"up":[{"embeddable":true,"href":"https:\/\/lbp-chauffage.fr\/wbst\/wp-json\/wp\/v2\/pages\/191"}],"wp:attachment":[{"href":"https:\/\/lbp-chauffage.fr\/wbst\/wp-json\/wp\/v2\/media?parent=212"}],"curies":[{"name":"wp","href":"https:\/\/api.w.org\/{rel}","templated":true}]}}