{"id":215,"date":"2022-05-05T14:51:45","date_gmt":"2022-05-05T12:51:45","guid":{"rendered":"http:\/\/localhost\/lpb\/?page_id=215"},"modified":"2022-09-07T17:07:44","modified_gmt":"2022-09-07T15:07:44","slug":"radiateur-seche-serviette-plancher-chauffant","status":"publish","type":"page","link":"https:\/\/lbp-chauffage.fr\/wbst\/chauffage-installation-depannage-cluny-71\/radiateur-seche-serviette-plancher-chauffant\/","title":{"rendered":"Radiateurs, s\u00e8che serviette et plancher chauffant nous avons la solution qu&rsquo;il vous faut"},"content":{"rendered":"\n<h2 class=\"wp-block-heading\">Faites confiance \u00e0 un expert : LBP Chauffage pr\u00e8s de Cluny (71)<\/h2>\n\n\n\n<div class=\"wp-block-columns are-vertically-aligned-center is-layout-flex wp-container-core-columns-is-layout-9d6595d7 wp-block-columns-is-layout-flex\">\n<div class=\"wp-block-column is-vertically-aligned-center is-layout-flow wp-block-column-is-layout-flow\">\n<h3 class=\"wp-block-heading\">Radiateurs<\/h3>\n\n\n\n<p>Pour votre projet, un accompagnement personnalis\u00e9, radiateurs en fonte, en acier notre gamme est&nbsp;vari\u00e9e, il&nbsp;ne&nbsp;vous&nbsp;reste qu\u2019\u00e0 choisir.<\/p>\n\n\n\n<h3 class=\"wp-block-heading\">S\u00e8che serviette<\/h3>\n\n\n\n<p>Bien choisir son s\u00e8che-serviette<br>V\u00e9ritable chauffage ou chauffage d\u2019appoint, il apportera un confort imm\u00e9diat \u00e0 la sortie de votre bain.&nbsp;Choisissez votre source d\u2019alimentation, la puissance, le design, les options ainsi que les accessoires.<\/p>\n\n\n\n<h3 class=\"wp-block-heading\">Plancher chauffant<\/h3>\n\n\n\n<p>Plancher chauffant hydraulique, rafraichissants, basse temp\u00e9rature.. Confortable, il diffuse une chaleur douce et homog\u00e8ne.<\/p>\n<\/div>\n\n\n\n<div class=\"wp-block-column is-vertically-aligned-center is-layout-flow wp-block-column-is-layout-flow\">\n<figure class=\"wp-block-gallery has-nested-images columns-1 is-cropped wp-block-gallery-1 is-layout-flex wp-block-gallery-is-layout-flex\">\n<figure class=\"wp-block-image size-full\"><img loading=\"lazy\" decoding=\"async\" width=\"1024\" height=\"768\" data-id=\"303\" src=\"https:\/\/lbp-chauffage.fr\/contenu\/uploads\/2022\/09\/modern-tiled-bathroom-interior-in-bright-colors.jpg\" alt=\"\" class=\"wp-image-303\" srcset=\"https:\/\/lbp-chauffage.fr\/contenu\/uploads\/2022\/09\/modern-tiled-bathroom-interior-in-bright-colors.jpg 1024w, https:\/\/lbp-chauffage.fr\/contenu\/uploads\/2022\/09\/modern-tiled-bathroom-interior-in-bright-colors-300x225.jpg 300w, https:\/\/lbp-chauffage.fr\/contenu\/uploads\/2022\/09\/modern-tiled-bathroom-interior-in-bright-colors-768x576.jpg 768w, https:\/\/lbp-chauffage.fr\/contenu\/uploads\/2022\/09\/modern-tiled-bathroom-interior-in-bright-colors-476x357.jpg 476w\" sizes=\"auto, (max-width: 706px) 89vw, (max-width: 767px) 82vw, 740px\" \/><\/figure>\n<\/figure>\n<\/div>\n<\/div>\n\n\n\n<p>Situ\u00e9 \u00e0 <strong>Trivy en Sa\u00f4ne-et-Loire,<\/strong> <strong><a href=\"https:\/\/lbp-chauffage.fr\/plombier-chauffagiste-sanitaire-climatisation-macon-71\/\">LBP Chauffage<\/a><\/strong>, c&rsquo;est votre <strong>plombier-chauffagiste <\/strong>au service de vos besoins pour la<strong><a href=\"https:\/\/lbp-chauffage.fr\/plombier-chauffagiste\/travaux-plomberie-paray-monial-71\/\"> plomberie-sanitaire<\/a><\/strong>, la <strong><a href=\"https:\/\/lbp-chauffage.fr\/plombier-chauffagiste\/climatisation-installation-depannage-cluny-71\/\">climatisation<\/a><\/strong>, les<strong><a href=\"https:\/\/lbp-chauffage.fr\/plombier-chauffagiste\/pompe-chaleur-climatisation-macon-cluny-71\/\"> \u00e9nergies renouvelables,<\/a><\/strong> et<strong><a href=\"https:\/\/lbp-chauffage.fr\/plombier-chauffagiste\/ramonage-entretien-cheminee-paray-monial-71\/\"> l&rsquo;entretien de chemin\u00e9e<\/a><\/strong>. Nous intervenons dans un<strong><a href=\"https:\/\/lbp-chauffage.fr\/chauffagiste-plombier-installation-paray-macon-cluny-71\/\"> rayon de 50 kilom\u00e8tres<\/a><\/strong> autour de nos locaux, soit pr\u00e8s de <strong>M\u00e2con, Paray-le-Monial, Cluny<\/strong> ou encore <strong>Charolles<\/strong>. <\/p>\n\n\n\n<p>Au services des <strong>particuliers <\/strong>et des <strong>professionnels<\/strong>, nous intervenons \u00e9galement pour vos besoin en<strong><a href=\"https:\/\/lbp-chauffage.fr\/depannage-chauffage-plomberie-plombier-71\/\"> d\u00e9pannage. <\/a><\/strong><\/p>\n\n\n\n<p>Quelles&nbsp;<strong>aides&nbsp;<\/strong>pour la<strong>&nbsp;r\u00e9novation \u00e9nerg\u00e9tique<\/strong>&nbsp;?&nbsp;<strong>&nbsp;Ma prime r\u00e9nov<\/strong>&nbsp;et le&nbsp;<strong>cr\u00e9dit d\u2019imp\u00f4t transition \u00e9nerg\u00e9tique.<\/strong><\/p>\n\n\n\n<p>Pour en savoir plus, n&rsquo;h\u00e9sitez pas <strong><a href=\"https:\/\/lbp-chauffage.fr\/contact-plombier-chauffage-sanitaires-paray-cluny-71\/\">\u00e0 nous contacter.<\/a><\/strong><\/p>\n\n\n\n<p><\/p>\n\n\n\n<div style=\"height:61px\" aria-hidden=\"true\" class=\"wp-block-spacer\"><\/div>\n\n\n\n<div class=\"wp-block-columns are-vertically-aligned-center is-layout-flex wp-container-core-columns-is-layout-9d6595d7 wp-block-columns-is-layout-flex\">\n<div class=\"wp-block-column is-vertically-aligned-center is-layout-flow wp-block-column-is-layout-flow\">\n<figure class=\"wp-block-image size-full\"><img loading=\"lazy\" decoding=\"async\" width=\"1024\" height=\"576\" src=\"https:\/\/lbp-chauffage.fr\/contenu\/uploads\/2022\/05\/hansgrohe-logo-1024x576-1.png\" alt=\"\" class=\"wp-image-178\" srcset=\"https:\/\/lbp-chauffage.fr\/contenu\/uploads\/2022\/05\/hansgrohe-logo-1024x576-1.png 1024w, https:\/\/lbp-chauffage.fr\/contenu\/uploads\/2022\/05\/hansgrohe-logo-1024x576-1-300x169.png 300w, https:\/\/lbp-chauffage.fr\/contenu\/uploads\/2022\/05\/hansgrohe-logo-1024x576-1-768x432.png 768w, https:\/\/lbp-chauffage.fr\/contenu\/uploads\/2022\/05\/hansgrohe-logo-1024x576-1-476x268.png 476w\" sizes=\"auto, (max-width: 706px) 89vw, (max-width: 767px) 82vw, 740px\" \/><\/figure>\n<\/div>\n\n\n\n<div class=\"wp-block-column is-vertically-aligned-center is-layout-flow wp-block-column-is-layout-flow\">\n<figure class=\"wp-block-image size-large\"><img loading=\"lazy\" decoding=\"async\" width=\"1024\" height=\"273\" src=\"https:\/\/lbp-chauffage.fr\/contenu\/uploads\/2022\/05\/atlantic_logo_garanka_-1024x273.png\" alt=\"\" class=\"wp-image-181\" srcset=\"https:\/\/lbp-chauffage.fr\/contenu\/uploads\/2022\/05\/atlantic_logo_garanka_-1024x273.png 1024w, https:\/\/lbp-chauffage.fr\/contenu\/uploads\/2022\/05\/atlantic_logo_garanka_-300x80.png 300w, https:\/\/lbp-chauffage.fr\/contenu\/uploads\/2022\/05\/atlantic_logo_garanka_-768x205.png 768w, https:\/\/lbp-chauffage.fr\/contenu\/uploads\/2022\/05\/atlantic_logo_garanka_-476x127.png 476w, https:\/\/lbp-chauffage.fr\/contenu\/uploads\/2022\/05\/atlantic_logo_garanka_.png 1200w\" sizes=\"auto, (max-width: 706px) 89vw, (max-width: 767px) 82vw, 740px\" \/><\/figure>\n<\/div>\n\n\n\n<div class=\"wp-block-column is-vertically-aligned-center is-layout-flow wp-block-column-is-layout-flow\">\n<figure class=\"wp-block-image size-full\"><img loading=\"lazy\" decoding=\"async\" width=\"488\" height=\"190\" src=\"https:\/\/lbp-chauffage.fr\/contenu\/uploads\/2022\/05\/Logo_Jacob_Delafon.jpg\" alt=\"\" class=\"wp-image-177\" srcset=\"https:\/\/lbp-chauffage.fr\/contenu\/uploads\/2022\/05\/Logo_Jacob_Delafon.jpg 488w, https:\/\/lbp-chauffage.fr\/contenu\/uploads\/2022\/05\/Logo_Jacob_Delafon-300x117.jpg 300w, https:\/\/lbp-chauffage.fr\/contenu\/uploads\/2022\/05\/Logo_Jacob_Delafon-476x185.jpg 476w\" sizes=\"auto, (max-width: 488px) 100vw, 488px\" \/><\/figure>\n<\/div>\n\n\n\n<div class=\"wp-block-column is-vertically-aligned-center is-layout-flow wp-block-column-is-layout-flow\">\n<figure class=\"wp-block-image size-large\"><img loading=\"lazy\" decoding=\"async\" width=\"1024\" height=\"273\" src=\"https:\/\/lbp-chauffage.fr\/contenu\/uploads\/2022\/05\/de-dietrich_logo_garanka_.png-1024x273.png\" alt=\"\" class=\"wp-image-187\" srcset=\"https:\/\/lbp-chauffage.fr\/contenu\/uploads\/2022\/05\/de-dietrich_logo_garanka_.png-1024x273.png 1024w, https:\/\/lbp-chauffage.fr\/contenu\/uploads\/2022\/05\/de-dietrich_logo_garanka_.png-300x80.png 300w, https:\/\/lbp-chauffage.fr\/contenu\/uploads\/2022\/05\/de-dietrich_logo_garanka_.png-768x205.png 768w, https:\/\/lbp-chauffage.fr\/contenu\/uploads\/2022\/05\/de-dietrich_logo_garanka_.png-476x127.png 476w, https:\/\/lbp-chauffage.fr\/contenu\/uploads\/2022\/05\/de-dietrich_logo_garanka_.png.png 1200w\" sizes=\"auto, (max-width: 706px) 89vw, (max-width: 767px) 82vw, 740px\" \/><\/figure>\n<\/div>\n<\/div>\n\n\n\n<div class=\"wp-block-columns are-vertically-aligned-center is-layout-flex wp-container-core-columns-is-layout-9d6595d7 wp-block-columns-is-layout-flex\">\n<div class=\"wp-block-column is-vertically-aligned-center is-layout-flow wp-block-column-is-layout-flow\">\n<figure class=\"wp-block-image size-large\"><img loading=\"lazy\" decoding=\"async\" width=\"1024\" height=\"223\" src=\"https:\/\/lbp-chauffage.fr\/contenu\/uploads\/2022\/05\/Viessmann-logo.svg-1024x223.png\" alt=\"\" class=\"wp-image-222\" srcset=\"https:\/\/lbp-chauffage.fr\/contenu\/uploads\/2022\/05\/Viessmann-logo.svg-1024x223.png 1024w, https:\/\/lbp-chauffage.fr\/contenu\/uploads\/2022\/05\/Viessmann-logo.svg-300x65.png 300w, https:\/\/lbp-chauffage.fr\/contenu\/uploads\/2022\/05\/Viessmann-logo.svg-768x167.png 768w, https:\/\/lbp-chauffage.fr\/contenu\/uploads\/2022\/05\/Viessmann-logo.svg-1536x334.png 1536w, https:\/\/lbp-chauffage.fr\/contenu\/uploads\/2022\/05\/Viessmann-logo.svg-2048x446.png 2048w, https:\/\/lbp-chauffage.fr\/contenu\/uploads\/2022\/05\/Viessmann-logo.svg-476x104.png 476w\" sizes=\"auto, (max-width: 706px) 89vw, (max-width: 767px) 82vw, 740px\" \/><\/figure>\n<\/div>\n\n\n\n<div class=\"wp-block-column is-vertically-aligned-center is-layout-flow wp-block-column-is-layout-flow\">\n<figure class=\"wp-block-image size-full\"><img loading=\"lazy\" decoding=\"async\" width=\"800\" height=\"179\" src=\"https:\/\/lbp-chauffage.fr\/contenu\/uploads\/2022\/05\/logo-morvan.png\" alt=\"\" class=\"wp-image-219\" srcset=\"https:\/\/lbp-chauffage.fr\/contenu\/uploads\/2022\/05\/logo-morvan.png 800w, https:\/\/lbp-chauffage.fr\/contenu\/uploads\/2022\/05\/logo-morvan-300x67.png 300w, https:\/\/lbp-chauffage.fr\/contenu\/uploads\/2022\/05\/logo-morvan-768x172.png 768w, https:\/\/lbp-chauffage.fr\/contenu\/uploads\/2022\/05\/logo-morvan-476x107.png 476w\" sizes=\"auto, (max-width: 706px) 89vw, (max-width: 767px) 82vw, 740px\" \/><\/figure>\n<\/div>\n\n\n\n<div class=\"wp-block-column is-vertically-aligned-center is-layout-flow wp-block-column-is-layout-flow\">\n<figure class=\"wp-block-image size-full\"><img loading=\"lazy\" decoding=\"async\" width=\"257\" height=\"196\" src=\"https:\/\/lbp-chauffage.fr\/contenu\/uploads\/2022\/09\/grohe.png\" alt=\"\" class=\"wp-image-309\"\/><\/figure>\n<\/div>\n\n\n\n<div class=\"wp-block-column is-vertically-aligned-center is-layout-flow wp-block-column-is-layout-flow\">\n<figure class=\"wp-block-image size-large\"><img loading=\"lazy\" decoding=\"async\" width=\"1024\" height=\"244\" src=\"https:\/\/lbp-chauffage.fr\/contenu\/uploads\/2022\/05\/Logo_Froling-1-1024x244.jpg\" alt=\"\" class=\"wp-image-234\" srcset=\"https:\/\/lbp-chauffage.fr\/contenu\/uploads\/2022\/05\/Logo_Froling-1-1024x244.jpg 1024w, https:\/\/lbp-chauffage.fr\/contenu\/uploads\/2022\/05\/Logo_Froling-1-300x72.jpg 300w, https:\/\/lbp-chauffage.fr\/contenu\/uploads\/2022\/05\/Logo_Froling-1-768x183.jpg 768w, https:\/\/lbp-chauffage.fr\/contenu\/uploads\/2022\/05\/Logo_Froling-1-476x113.jpg 476w, https:\/\/lbp-chauffage.fr\/contenu\/uploads\/2022\/05\/Logo_Froling-1.jpg 1200w\" sizes=\"auto, (max-width: 706px) 89vw, (max-width: 767px) 82vw, 740px\" \/><\/figure>\n<\/div>\n\n\n\n<div class=\"wp-block-column is-vertically-aligned-center is-layout-flow wp-block-column-is-layout-flow\">\n<figure class=\"wp-block-image size-large\"><img loading=\"lazy\" decoding=\"async\" width=\"1024\" height=\"550\" src=\"https:\/\/lbp-chauffage.fr\/contenu\/uploads\/2022\/05\/logo-saunier-duval-1024x550.png\" alt=\"\" class=\"wp-image-220\" srcset=\"https:\/\/lbp-chauffage.fr\/contenu\/uploads\/2022\/05\/logo-saunier-duval-1024x550.png 1024w, https:\/\/lbp-chauffage.fr\/contenu\/uploads\/2022\/05\/logo-saunier-duval-300x161.png 300w, https:\/\/lbp-chauffage.fr\/contenu\/uploads\/2022\/05\/logo-saunier-duval-768x412.png 768w, https:\/\/lbp-chauffage.fr\/contenu\/uploads\/2022\/05\/logo-saunier-duval-1536x825.png 1536w, https:\/\/lbp-chauffage.fr\/contenu\/uploads\/2022\/05\/logo-saunier-duval-2048x1100.png 2048w, https:\/\/lbp-chauffage.fr\/contenu\/uploads\/2022\/05\/logo-saunier-duval-476x256.png 476w\" sizes=\"auto, (max-width: 706px) 89vw, (max-width: 767px) 82vw, 740px\" \/><\/figure>\n<\/div>\n\n\n\n<div class=\"wp-block-column is-vertically-aligned-center is-layout-flow wp-block-column-is-layout-flow\">\n<figure class=\"wp-block-image size-full\"><img loading=\"lazy\" decoding=\"async\" width=\"350\" height=\"130\" src=\"https:\/\/lbp-chauffage.fr\/contenu\/uploads\/2022\/05\/deville-new_1.png\" alt=\"\" class=\"wp-image-235\" srcset=\"https:\/\/lbp-chauffage.fr\/contenu\/uploads\/2022\/05\/deville-new_1.png 350w, https:\/\/lbp-chauffage.fr\/contenu\/uploads\/2022\/05\/deville-new_1-300x111.png 300w\" sizes=\"auto, (max-width: 350px) 100vw, 350px\" \/><\/figure>\n<\/div>\n<\/div>\n\n\n\n<div class=\"wp-block-columns are-vertically-aligned-center is-layout-flex wp-container-core-columns-is-layout-9d6595d7 wp-block-columns-is-layout-flex\">\n<div class=\"wp-block-column is-vertically-aligned-center is-layout-flow wp-block-column-is-layout-flow\"><\/div>\n\n\n\n<div class=\"wp-block-column is-vertically-aligned-center is-layout-flow wp-block-column-is-layout-flow\"><\/div>\n\n\n\n<div class=\"wp-block-column is-vertically-aligned-center is-layout-flow wp-block-column-is-layout-flow\"><\/div>\n\n\n\n<div class=\"wp-block-column is-vertically-aligned-center is-layout-flow wp-block-column-is-layout-flow\"><\/div>\n\n\n\n<div class=\"wp-block-column is-vertically-aligned-center is-layout-flow wp-block-column-is-layout-flow\"><\/div>\n<\/div>\n","protected":false},"excerpt":{"rendered":"<p>Faites confiance \u00e0 un expert : LBP Chauffage pr\u00e8s de Cluny (71) Radiateurs Pour votre projet, un accompagnement personnalis\u00e9, radiateurs en fonte, en acier notre gamme est&nbsp;vari\u00e9e, il&nbsp;ne&nbsp;vous&nbsp;reste qu\u2019\u00e0 choisir. S\u00e8che serviette Bien choisir son s\u00e8che-servietteV\u00e9ritable chauffage ou chauffage d\u2019appoint, il apportera un confort imm\u00e9diat \u00e0 la sortie de votre bain.&nbsp;Choisissez votre source d\u2019alimentation, la<\/p>\n","protected":false},"author":6,"featured_media":0,"parent":191,"menu_order":0,"comment_status":"closed","ping_status":"closed","template":"","meta":{"_acf_changed":false,"footnotes":""},"class_list":["post-215","page","type-page","status-publish","hentry"],"acf":[],"yoast_head":"<!-- This site is optimized with the Yoast SEO plugin v27.4 - https:\/\/yoast.com\/product\/yoast-seo-wordpress\/ -->\n<title>LBP Chauffage - radiateurs, s\u00e8che serviette et plancher chauffant (71)<\/title>\n<meta name=\"robots\" content=\"index, follow, max-snippet:-1, max-image-preview:large, max-video-preview:-1\" \/>\n<link rel=\"canonical\" href=\"https:\/\/lbp-chauffage.fr\/wbst\/chauffage-installation-depannage-cluny-71\/radiateur-seche-serviette-plancher-chauffant\/\" \/>\n<meta property=\"og:locale\" content=\"fr_FR\" \/>\n<meta property=\"og:type\" content=\"article\" \/>\n<meta property=\"og:title\" content=\"LBP Chauffage - radiateurs, s\u00e8che serviette et plancher chauffant (71)\" \/>\n<meta property=\"og:description\" content=\"Faites confiance \u00e0 un expert : LBP Chauffage pr\u00e8s de Cluny (71) Radiateurs Pour votre projet, un accompagnement personnalis\u00e9, radiateurs en fonte, en acier notre gamme est&nbsp;vari\u00e9e, il&nbsp;ne&nbsp;vous&nbsp;reste qu\u2019\u00e0 choisir. S\u00e8che serviette Bien choisir son s\u00e8che-servietteV\u00e9ritable chauffage ou chauffage d\u2019appoint, il apportera un confort imm\u00e9diat \u00e0 la sortie de votre bain.&nbsp;Choisissez votre source d\u2019alimentation, la\" \/>\n<meta property=\"og:url\" content=\"https:\/\/lbp-chauffage.fr\/wbst\/chauffage-installation-depannage-cluny-71\/radiateur-seche-serviette-plancher-chauffant\/\" \/>\n<meta property=\"og:site_name\" content=\"LBP Chauffage\" \/>\n<meta property=\"article:modified_time\" content=\"2022-09-07T15:07:44+00:00\" \/>\n<meta property=\"og:image\" content=\"https:\/\/lbp-chauffage.fr\/contenu\/uploads\/2022\/09\/modern-tiled-bathroom-interior-in-bright-colors.jpg\" \/>\n<meta name=\"twitter:card\" content=\"summary_large_image\" \/>\n<meta name=\"twitter:label1\" content=\"Dur\u00e9e de lecture estim\u00e9e\" \/>\n\t<meta name=\"twitter:data1\" content=\"3 minutes\" \/>\n<script type=\"application\/ld+json\" class=\"yoast-schema-graph\">{\"@context\":\"https:\\\/\\\/schema.org\",\"@graph\":[{\"@type\":\"WebPage\",\"@id\":\"https:\\\/\\\/lbp-chauffage.fr\\\/wbst\\\/chauffage-installation-depannage-cluny-71\\\/radiateur-seche-serviette-plancher-chauffant\\\/\",\"url\":\"https:\\\/\\\/lbp-chauffage.fr\\\/wbst\\\/chauffage-installation-depannage-cluny-71\\\/radiateur-seche-serviette-plancher-chauffant\\\/\",\"name\":\"LBP Chauffage - radiateurs, s\u00e8che serviette et plancher chauffant (71)\",\"isPartOf\":{\"@id\":\"https:\\\/\\\/lbp-chauffage.fr\\\/wbst\\\/#website\"},\"primaryImageOfPage\":{\"@id\":\"https:\\\/\\\/lbp-chauffage.fr\\\/wbst\\\/chauffage-installation-depannage-cluny-71\\\/radiateur-seche-serviette-plancher-chauffant\\\/#primaryimage\"},\"image\":{\"@id\":\"https:\\\/\\\/lbp-chauffage.fr\\\/wbst\\\/chauffage-installation-depannage-cluny-71\\\/radiateur-seche-serviette-plancher-chauffant\\\/#primaryimage\"},\"thumbnailUrl\":\"https:\\\/\\\/lbp-chauffage.fr\\\/contenu\\\/uploads\\\/2022\\\/09\\\/modern-tiled-bathroom-interior-in-bright-colors.jpg\",\"datePublished\":\"2022-05-05T12:51:45+00:00\",\"dateModified\":\"2022-09-07T15:07:44+00:00\",\"breadcrumb\":{\"@id\":\"https:\\\/\\\/lbp-chauffage.fr\\\/wbst\\\/chauffage-installation-depannage-cluny-71\\\/radiateur-seche-serviette-plancher-chauffant\\\/#breadcrumb\"},\"inLanguage\":\"fr-FR\",\"potentialAction\":[{\"@type\":\"ReadAction\",\"target\":[\"https:\\\/\\\/lbp-chauffage.fr\\\/wbst\\\/chauffage-installation-depannage-cluny-71\\\/radiateur-seche-serviette-plancher-chauffant\\\/\"]}]},{\"@type\":\"ImageObject\",\"inLanguage\":\"fr-FR\",\"@id\":\"https:\\\/\\\/lbp-chauffage.fr\\\/wbst\\\/chauffage-installation-depannage-cluny-71\\\/radiateur-seche-serviette-plancher-chauffant\\\/#primaryimage\",\"url\":\"https:\\\/\\\/lbp-chauffage.fr\\\/contenu\\\/uploads\\\/2022\\\/09\\\/modern-tiled-bathroom-interior-in-bright-colors.jpg\",\"contentUrl\":\"https:\\\/\\\/lbp-chauffage.fr\\\/contenu\\\/uploads\\\/2022\\\/09\\\/modern-tiled-bathroom-interior-in-bright-colors.jpg\"},{\"@type\":\"BreadcrumbList\",\"@id\":\"https:\\\/\\\/lbp-chauffage.fr\\\/wbst\\\/chauffage-installation-depannage-cluny-71\\\/radiateur-seche-serviette-plancher-chauffant\\\/#breadcrumb\",\"itemListElement\":[{\"@type\":\"ListItem\",\"position\":1,\"name\":\"Home\",\"item\":\"https:\\\/\\\/lbp-chauffage.fr\\\/wbst\\\/\"},{\"@type\":\"ListItem\",\"position\":2,\"name\":\"Pose de vos syst\u00e8mes de chauffages pr\u00e8s de Cluny et Charolles\",\"item\":\"https:\\\/\\\/lbp-chauffage.fr\\\/wbst\\\/chauffage-installation-depannage-cluny-71\\\/\"},{\"@type\":\"ListItem\",\"position\":3,\"name\":\"Radiateurs, s\u00e8che serviette et plancher chauffant nous avons la solution qu&rsquo;il vous faut\"}]},{\"@type\":\"WebSite\",\"@id\":\"https:\\\/\\\/lbp-chauffage.fr\\\/wbst\\\/#website\",\"url\":\"https:\\\/\\\/lbp-chauffage.fr\\\/wbst\\\/\",\"name\":\"LBP Chauffage\",\"description\":\"\",\"publisher\":{\"@id\":\"https:\\\/\\\/lbp-chauffage.fr\\\/wbst\\\/#organization\"},\"potentialAction\":[{\"@type\":\"SearchAction\",\"target\":{\"@type\":\"EntryPoint\",\"urlTemplate\":\"https:\\\/\\\/lbp-chauffage.fr\\\/wbst\\\/?s={search_term_string}\"},\"query-input\":{\"@type\":\"PropertyValueSpecification\",\"valueRequired\":true,\"valueName\":\"search_term_string\"}}],\"inLanguage\":\"fr-FR\"},{\"@type\":\"Organization\",\"@id\":\"https:\\\/\\\/lbp-chauffage.fr\\\/wbst\\\/#organization\",\"name\":\"LBP Chauffage\",\"url\":\"https:\\\/\\\/lbp-chauffage.fr\\\/wbst\\\/\",\"logo\":{\"@type\":\"ImageObject\",\"inLanguage\":\"fr-FR\",\"@id\":\"https:\\\/\\\/lbp-chauffage.fr\\\/wbst\\\/#\\\/schema\\\/logo\\\/image\\\/\",\"url\":\"https:\\\/\\\/lbp-chauffage.fr\\\/contenu\\\/uploads\\\/2022\\\/03\\\/lbp-chauffage-logo-footer.svg\",\"contentUrl\":\"https:\\\/\\\/lbp-chauffage.fr\\\/contenu\\\/uploads\\\/2022\\\/03\\\/lbp-chauffage-logo-footer.svg\",\"width\":515,\"height\":321,\"caption\":\"LBP Chauffage\"},\"image\":{\"@id\":\"https:\\\/\\\/lbp-chauffage.fr\\\/wbst\\\/#\\\/schema\\\/logo\\\/image\\\/\"}}]}<\/script>\n<!-- \/ Yoast SEO plugin. -->","yoast_head_json":{"title":"LBP Chauffage - radiateurs, s\u00e8che serviette et plancher chauffant (71)","robots":{"index":"index","follow":"follow","max-snippet":"max-snippet:-1","max-image-preview":"max-image-preview:large","max-video-preview":"max-video-preview:-1"},"canonical":"https:\/\/lbp-chauffage.fr\/wbst\/chauffage-installation-depannage-cluny-71\/radiateur-seche-serviette-plancher-chauffant\/","og_locale":"fr_FR","og_type":"article","og_title":"LBP Chauffage - radiateurs, s\u00e8che serviette et plancher chauffant (71)","og_description":"Faites confiance \u00e0 un expert : LBP Chauffage pr\u00e8s de Cluny (71) Radiateurs Pour votre projet, un accompagnement personnalis\u00e9, radiateurs en fonte, en acier notre gamme est&nbsp;vari\u00e9e, il&nbsp;ne&nbsp;vous&nbsp;reste qu\u2019\u00e0 choisir. S\u00e8che serviette Bien choisir son s\u00e8che-servietteV\u00e9ritable chauffage ou chauffage d\u2019appoint, il apportera un confort imm\u00e9diat \u00e0 la sortie de votre bain.&nbsp;Choisissez votre source d\u2019alimentation, la","og_url":"https:\/\/lbp-chauffage.fr\/wbst\/chauffage-installation-depannage-cluny-71\/radiateur-seche-serviette-plancher-chauffant\/","og_site_name":"LBP Chauffage","article_modified_time":"2022-09-07T15:07:44+00:00","og_image":[{"url":"https:\/\/lbp-chauffage.fr\/contenu\/uploads\/2022\/09\/modern-tiled-bathroom-interior-in-bright-colors.jpg","type":"","width":"","height":""}],"twitter_card":"summary_large_image","twitter_misc":{"Dur\u00e9e de lecture estim\u00e9e":"3 minutes"},"schema":{"@context":"https:\/\/schema.org","@graph":[{"@type":"WebPage","@id":"https:\/\/lbp-chauffage.fr\/wbst\/chauffage-installation-depannage-cluny-71\/radiateur-seche-serviette-plancher-chauffant\/","url":"https:\/\/lbp-chauffage.fr\/wbst\/chauffage-installation-depannage-cluny-71\/radiateur-seche-serviette-plancher-chauffant\/","name":"LBP Chauffage - radiateurs, s\u00e8che serviette et plancher chauffant (71)","isPartOf":{"@id":"https:\/\/lbp-chauffage.fr\/wbst\/#website"},"primaryImageOfPage":{"@id":"https:\/\/lbp-chauffage.fr\/wbst\/chauffage-installation-depannage-cluny-71\/radiateur-seche-serviette-plancher-chauffant\/#primaryimage"},"image":{"@id":"https:\/\/lbp-chauffage.fr\/wbst\/chauffage-installation-depannage-cluny-71\/radiateur-seche-serviette-plancher-chauffant\/#primaryimage"},"thumbnailUrl":"https:\/\/lbp-chauffage.fr\/contenu\/uploads\/2022\/09\/modern-tiled-bathroom-interior-in-bright-colors.jpg","datePublished":"2022-05-05T12:51:45+00:00","dateModified":"2022-09-07T15:07:44+00:00","breadcrumb":{"@id":"https:\/\/lbp-chauffage.fr\/wbst\/chauffage-installation-depannage-cluny-71\/radiateur-seche-serviette-plancher-chauffant\/#breadcrumb"},"inLanguage":"fr-FR","potentialAction":[{"@type":"ReadAction","target":["https:\/\/lbp-chauffage.fr\/wbst\/chauffage-installation-depannage-cluny-71\/radiateur-seche-serviette-plancher-chauffant\/"]}]},{"@type":"ImageObject","inLanguage":"fr-FR","@id":"https:\/\/lbp-chauffage.fr\/wbst\/chauffage-installation-depannage-cluny-71\/radiateur-seche-serviette-plancher-chauffant\/#primaryimage","url":"https:\/\/lbp-chauffage.fr\/contenu\/uploads\/2022\/09\/modern-tiled-bathroom-interior-in-bright-colors.jpg","contentUrl":"https:\/\/lbp-chauffage.fr\/contenu\/uploads\/2022\/09\/modern-tiled-bathroom-interior-in-bright-colors.jpg"},{"@type":"BreadcrumbList","@id":"https:\/\/lbp-chauffage.fr\/wbst\/chauffage-installation-depannage-cluny-71\/radiateur-seche-serviette-plancher-chauffant\/#breadcrumb","itemListElement":[{"@type":"ListItem","position":1,"name":"Home","item":"https:\/\/lbp-chauffage.fr\/wbst\/"},{"@type":"ListItem","position":2,"name":"Pose de vos syst\u00e8mes de chauffages pr\u00e8s de Cluny et Charolles","item":"https:\/\/lbp-chauffage.fr\/wbst\/chauffage-installation-depannage-cluny-71\/"},{"@type":"ListItem","position":3,"name":"Radiateurs, s\u00e8che serviette et plancher chauffant nous avons la solution qu&rsquo;il vous faut"}]},{"@type":"WebSite","@id":"https:\/\/lbp-chauffage.fr\/wbst\/#website","url":"https:\/\/lbp-chauffage.fr\/wbst\/","name":"LBP Chauffage","description":"","publisher":{"@id":"https:\/\/lbp-chauffage.fr\/wbst\/#organization"},"potentialAction":[{"@type":"SearchAction","target":{"@type":"EntryPoint","urlTemplate":"https:\/\/lbp-chauffage.fr\/wbst\/?s={search_term_string}"},"query-input":{"@type":"PropertyValueSpecification","valueRequired":true,"valueName":"search_term_string"}}],"inLanguage":"fr-FR"},{"@type":"Organization","@id":"https:\/\/lbp-chauffage.fr\/wbst\/#organization","name":"LBP Chauffage","url":"https:\/\/lbp-chauffage.fr\/wbst\/","logo":{"@type":"ImageObject","inLanguage":"fr-FR","@id":"https:\/\/lbp-chauffage.fr\/wbst\/#\/schema\/logo\/image\/","url":"https:\/\/lbp-chauffage.fr\/contenu\/uploads\/2022\/03\/lbp-chauffage-logo-footer.svg","contentUrl":"https:\/\/lbp-chauffage.fr\/contenu\/uploads\/2022\/03\/lbp-chauffage-logo-footer.svg","width":515,"height":321,"caption":"LBP Chauffage"},"image":{"@id":"https:\/\/lbp-chauffage.fr\/wbst\/#\/schema\/logo\/image\/"}}]}},"_links":{"self":[{"href":"https:\/\/lbp-chauffage.fr\/wbst\/wp-json\/wp\/v2\/pages\/215","targetHints":{"allow":["GET"]}}],"collection":[{"href":"https:\/\/lbp-chauffage.fr\/wbst\/wp-json\/wp\/v2\/pages"}],"about":[{"href":"https:\/\/lbp-chauffage.fr\/wbst\/wp-json\/wp\/v2\/types\/page"}],"author":[{"embeddable":true,"href":"https:\/\/lbp-chauffage.fr\/wbst\/wp-json\/wp\/v2\/users\/6"}],"replies":[{"embeddable":true,"href":"https:\/\/lbp-chauffage.fr\/wbst\/wp-json\/wp\/v2\/comments?post=215"}],"version-history":[{"count":0,"href":"https:\/\/lbp-chauffage.fr\/wbst\/wp-json\/wp\/v2\/pages\/215\/revisions"}],"up":[{"embeddable":true,"href":"https:\/\/lbp-chauffage.fr\/wbst\/wp-json\/wp\/v2\/pages\/191"}],"wp:attachment":[{"href":"https:\/\/lbp-chauffage.fr\/wbst\/wp-json\/wp\/v2\/media?parent=215"}],"curies":[{"name":"wp","href":"https:\/\/api.w.org\/{rel}","templated":true}]}}