{"id":48,"date":"2022-02-17T15:27:14","date_gmt":"2022-02-17T14:27:14","guid":{"rendered":"http:\/\/localhost\/lpb\/?page_id=48"},"modified":"2022-09-07T17:03:29","modified_gmt":"2022-09-07T15:03:29","slug":"climatisation-installation-depannage-cluny-71","status":"publish","type":"page","link":"https:\/\/lbp-chauffage.fr\/wbst\/plombier-chauffagiste\/climatisation-installation-depannage-cluny-71\/","title":{"rendered":"LBP Chauffage intervient pour vos besoins en climatisation (71)"},"content":{"rendered":"\n<div class=\"wp-block-columns are-vertically-aligned-center is-layout-flex wp-container-core-columns-is-layout-9d6595d7 wp-block-columns-is-layout-flex\">\n<div class=\"wp-block-column is-vertically-aligned-center is-layout-flow wp-block-column-is-layout-flow\">\n<h2 class=\"wp-block-heading\">Profitez d&rsquo;un confort thermique \u00e9t\u00e9 comme hiver<\/h2>\n\n\n\n<p>Quelle que soit la configuration de votre logement, vos envies et votre budget, nous trouverons une solution permettant de r\u00e9pondre \u00e0 vos attentes de <strong>confort \u00e9t\u00e9 <\/strong>comme <strong>hiver<\/strong>, pour une ou plusieurs pi\u00e8ces.<\/p>\n\n\n\n<h3 class=\"wp-block-heading\">R\u00e9sidentiel<\/h3>\n\n\n\n<p>L\u2019\u00e9quilibre parfait entre \u00e9l\u00e9gance, silence et performance&nbsp;.<\/p>\n\n\n\n<ul class=\"wp-block-list\"><li>Pour <strong>chauffer <\/strong>\/ <strong>refroidir <\/strong>une pi\u00e8ce&nbsp;: la solution mono split<\/li><li>Pour <strong>chauffer <\/strong>\/ <strong>refroidir <\/strong>plusieurs pi\u00e8ces&nbsp;: la solution multi-splits<\/li><\/ul>\n\n\n\n<h3 class=\"wp-block-heading\">Tertiaire<\/h3>\n\n\n\n<p>Nous vous proposerons l\u2019installation de syst\u00e8me adapt\u00e9 \u00e0 vos locaux (bureaux, \u00e9tablissements scolaires, h\u00f4tels, &#8230;)<\/p>\n<\/div>\n\n\n\n<div class=\"wp-block-column is-vertically-aligned-center is-layout-flow wp-block-column-is-layout-flow\">\n<figure class=\"wp-block-image size-full\"><img loading=\"lazy\" decoding=\"async\" width=\"1024\" height=\"768\" src=\"https:\/\/lbp-chauffage.fr\/contenu\/uploads\/2022\/09\/air-conditioning-decoration-interior.jpg\" alt=\"\" class=\"wp-image-288\" srcset=\"https:\/\/lbp-chauffage.fr\/contenu\/uploads\/2022\/09\/air-conditioning-decoration-interior.jpg 1024w, https:\/\/lbp-chauffage.fr\/contenu\/uploads\/2022\/09\/air-conditioning-decoration-interior-300x225.jpg 300w, https:\/\/lbp-chauffage.fr\/contenu\/uploads\/2022\/09\/air-conditioning-decoration-interior-768x576.jpg 768w, https:\/\/lbp-chauffage.fr\/contenu\/uploads\/2022\/09\/air-conditioning-decoration-interior-476x357.jpg 476w\" sizes=\"auto, (max-width: 706px) 89vw, (max-width: 767px) 82vw, 740px\" \/><\/figure>\n<\/div>\n<\/div>\n\n\n\n<div class=\"wp-block-columns are-vertically-aligned-center is-layout-flex wp-container-core-columns-is-layout-9d6595d7 wp-block-columns-is-layout-flex\">\n<div class=\"wp-block-column is-vertically-aligned-center is-layout-flow wp-block-column-is-layout-flow\">\n<figure class=\"wp-block-image size-full\"><img loading=\"lazy\" decoding=\"async\" width=\"1024\" height=\"768\" src=\"https:\/\/lbp-chauffage.fr\/contenu\/uploads\/2022\/09\/gray-and-blue-master-bedroom.jpg\" alt=\"\" class=\"wp-image-287\" srcset=\"https:\/\/lbp-chauffage.fr\/contenu\/uploads\/2022\/09\/gray-and-blue-master-bedroom.jpg 1024w, https:\/\/lbp-chauffage.fr\/contenu\/uploads\/2022\/09\/gray-and-blue-master-bedroom-300x225.jpg 300w, https:\/\/lbp-chauffage.fr\/contenu\/uploads\/2022\/09\/gray-and-blue-master-bedroom-768x576.jpg 768w, https:\/\/lbp-chauffage.fr\/contenu\/uploads\/2022\/09\/gray-and-blue-master-bedroom-476x357.jpg 476w\" sizes=\"auto, (max-width: 706px) 89vw, (max-width: 767px) 82vw, 740px\" \/><\/figure>\n<\/div>\n\n\n\n<div class=\"wp-block-column is-vertically-aligned-center is-layout-flow wp-block-column-is-layout-flow\">\n<h3 class=\"wp-block-heading\">Solutions gainables<\/h3>\n\n\n\n<p>L\u2019atout majeur de la <strong>climatisation gainable <\/strong>est l\u2019esth\u00e9tique gr\u00e2ce \u00e0 son int\u00e9gration discr\u00e8te dans votre maison ou locaux. En effet, l\u2019unit\u00e9 int\u00e9rieure s\u2019installe dans les combles ou dans les faux plafonds, seuls les diffuseurs sont visibles. Avantages&nbsp;? <strong>Confort acoustique<\/strong>, <strong>efficacit\u00e9 \u00e9nerg\u00e9tique<\/strong>.<\/p>\n\n\n\n<h3 class=\"wp-block-heading\">Traitement de l&rsquo;air<\/h3>\n\n\n\n<p>Un logement sain est un logement qui respire.&nbsp; Le saviez-vous&nbsp;?&nbsp;Le niveau des polluants contenus dans l\u2019air int\u00e9rieur peut-\u00eatre 2 \u00e0 5 fois, et dans certains cas 100 fois, plus \u00e9lev\u00e9es que le niveau de polluants contenus dans l\u2019air ext\u00e9rieur. Des pi\u00e8ces peu ou pas assez a\u00e9r\u00e9es entra\u00eenent une prolif\u00e9ration des bact\u00e9ries.&nbsp;Pour respirer un air pur, il est essentiel de les \u00e9liminer au fur et \u00e0 mesure.&nbsp;C\u2019est pourquoi nous vous proposons l\u2019installation de<strong> VMC simple flux, VMC double-flux<\/strong>, d\u2019une centrale de traitement de l\u2019air pour de grands espaces.&nbsp;<\/p>\n\n\n\n<p>Situ\u00e9s \u00e0 <strong>Trivy<\/strong>, nous intervenons dans un rayon de <strong><a href=\"https:\/\/lbp-chauffage.fr\/chauffagiste-plombier-installation-paray-macon-cluny-71\/\">50 kilom\u00e8tres<\/a><\/strong> autour de nos locaux, soit pr\u00e8s de <strong>Cluny, M\u00e2con<\/strong>, ou encore <strong>Paray-le-Monial. <\/strong><\/p>\n\n\n\n<p>Votre <strong>plombier chauffagiste <\/strong>intervient \u00e9galement pour la la&nbsp;<strong>pose de&nbsp;<a href=\"https:\/\/lbp-chauffage.fr\/plombier-chauffagiste\/chauffage-installation-depannage-cluny-71\/\">chauffage&nbsp;<\/a><\/strong>toutes \u00e9nergies, pour la&nbsp;<a href=\"https:\/\/lbp-chauffage.fr\/plombier-chauffagiste\/pompe-chaleur-climatisation-macon-cluny-71\/\"><strong>climatisation<\/strong>&nbsp;<\/a>(et&nbsp;<strong>pompes \u00e0 chaleur<\/strong>), la&nbsp;<strong>pose d\u2019adoucisseur<\/strong>&nbsp;d\u2019eau, et&nbsp;<strong><a href=\"https:\/\/lbp-chauffage.fr\/plombier-chauffagiste\/ramonage-entretien-cheminee-paray-monial-71\/\">l\u2019entretien de vos conduits de chemin\u00e9e.<\/a><\/strong><\/p>\n\n\n\n<p>Pour obtenir plus de renseignements sur nos prestations,&nbsp;<strong><a href=\"https:\/\/lbp-chauffage.fr\/contact-plombier-chauffage-sanitaires-paray-cluny-71\/\">contactez-nous<\/a><\/strong>&nbsp;d\u00e8s maintenant.<\/p>\n<\/div>\n<\/div>\n\n\n\n<div class=\"wp-block-columns are-vertically-aligned-center is-layout-flex wp-container-core-columns-is-layout-9d6595d7 wp-block-columns-is-layout-flex\">\n<div class=\"wp-block-column is-vertically-aligned-center is-layout-flow wp-block-column-is-layout-flow\">\n<figure class=\"wp-block-image size-large\"><img loading=\"lazy\" decoding=\"async\" width=\"1024\" height=\"245\" src=\"https:\/\/lbp-chauffage.fr\/contenu\/uploads\/2022\/05\/Bosch-logo.svg-1024x245.png\" alt=\"\" class=\"wp-image-223\" srcset=\"https:\/\/lbp-chauffage.fr\/contenu\/uploads\/2022\/05\/Bosch-logo.svg-1024x245.png 1024w, https:\/\/lbp-chauffage.fr\/contenu\/uploads\/2022\/05\/Bosch-logo.svg-300x72.png 300w, https:\/\/lbp-chauffage.fr\/contenu\/uploads\/2022\/05\/Bosch-logo.svg-768x184.png 768w, https:\/\/lbp-chauffage.fr\/contenu\/uploads\/2022\/05\/Bosch-logo.svg-476x114.png 476w, https:\/\/lbp-chauffage.fr\/contenu\/uploads\/2022\/05\/Bosch-logo.svg.png 1200w\" sizes=\"auto, (max-width: 706px) 89vw, (max-width: 767px) 82vw, 740px\" \/><\/figure>\n<\/div>\n\n\n\n<div class=\"wp-block-column is-vertically-aligned-center is-layout-flow wp-block-column-is-layout-flow\">\n<figure class=\"wp-block-image size-full\"><img loading=\"lazy\" decoding=\"async\" width=\"487\" height=\"153\" src=\"https:\/\/lbp-chauffage.fr\/contenu\/uploads\/2022\/05\/Logo_Hitachi.png\" alt=\"\" class=\"wp-image-203\" srcset=\"https:\/\/lbp-chauffage.fr\/contenu\/uploads\/2022\/05\/Logo_Hitachi.png 487w, https:\/\/lbp-chauffage.fr\/contenu\/uploads\/2022\/05\/Logo_Hitachi-300x94.png 300w, https:\/\/lbp-chauffage.fr\/contenu\/uploads\/2022\/05\/Logo_Hitachi-476x150.png 476w\" sizes=\"auto, (max-width: 487px) 100vw, 487px\" \/><\/figure>\n<\/div>\n\n\n\n<div class=\"wp-block-column is-vertically-aligned-center is-layout-flow wp-block-column-is-layout-flow\">\n<figure class=\"wp-block-image size-large\"><img loading=\"lazy\" decoding=\"async\" width=\"1024\" height=\"273\" src=\"https:\/\/lbp-chauffage.fr\/contenu\/uploads\/2022\/05\/atlantic_logo_garanka_-1024x273.png\" alt=\"\" class=\"wp-image-181\" srcset=\"https:\/\/lbp-chauffage.fr\/contenu\/uploads\/2022\/05\/atlantic_logo_garanka_-1024x273.png 1024w, https:\/\/lbp-chauffage.fr\/contenu\/uploads\/2022\/05\/atlantic_logo_garanka_-300x80.png 300w, https:\/\/lbp-chauffage.fr\/contenu\/uploads\/2022\/05\/atlantic_logo_garanka_-768x205.png 768w, https:\/\/lbp-chauffage.fr\/contenu\/uploads\/2022\/05\/atlantic_logo_garanka_-476x127.png 476w, https:\/\/lbp-chauffage.fr\/contenu\/uploads\/2022\/05\/atlantic_logo_garanka_.png 1200w\" sizes=\"auto, (max-width: 706px) 89vw, (max-width: 767px) 82vw, 740px\" \/><\/figure>\n<\/div>\n\n\n\n<div class=\"wp-block-column is-vertically-aligned-center is-layout-flow wp-block-column-is-layout-flow\">\n<figure class=\"wp-block-image size-full\"><img loading=\"lazy\" decoding=\"async\" width=\"780\" height=\"321\" src=\"https:\/\/lbp-chauffage.fr\/contenu\/uploads\/2022\/05\/depannage-climatisation-mitsubishi.jpg\" alt=\"\" class=\"wp-image-204\" srcset=\"https:\/\/lbp-chauffage.fr\/contenu\/uploads\/2022\/05\/depannage-climatisation-mitsubishi.jpg 780w, https:\/\/lbp-chauffage.fr\/contenu\/uploads\/2022\/05\/depannage-climatisation-mitsubishi-300x123.jpg 300w, https:\/\/lbp-chauffage.fr\/contenu\/uploads\/2022\/05\/depannage-climatisation-mitsubishi-768x316.jpg 768w, https:\/\/lbp-chauffage.fr\/contenu\/uploads\/2022\/05\/depannage-climatisation-mitsubishi-476x196.jpg 476w\" sizes=\"auto, (max-width: 706px) 89vw, (max-width: 767px) 82vw, 740px\" \/><\/figure>\n<\/div>\n\n\n\n<div class=\"wp-block-column is-vertically-aligned-center is-layout-flow wp-block-column-is-layout-flow\">\n<figure class=\"wp-block-image size-full\"><img loading=\"lazy\" decoding=\"async\" width=\"428\" height=\"118\" src=\"https:\/\/lbp-chauffage.fr\/contenu\/uploads\/2022\/05\/telechargement-1.png\" alt=\"\" class=\"wp-image-186\" srcset=\"https:\/\/lbp-chauffage.fr\/contenu\/uploads\/2022\/05\/telechargement-1.png 428w, https:\/\/lbp-chauffage.fr\/contenu\/uploads\/2022\/05\/telechargement-1-300x83.png 300w\" sizes=\"auto, (max-width: 428px) 100vw, 428px\" \/><\/figure>\n<\/div>\n<\/div>\n\n\n\n<div class=\"wp-block-columns are-vertically-aligned-center is-layout-flex wp-container-core-columns-is-layout-9d6595d7 wp-block-columns-is-layout-flex\">\n<div class=\"wp-block-column is-vertically-aligned-center is-layout-flow wp-block-column-is-layout-flow\"><\/div>\n\n\n\n<div class=\"wp-block-column is-vertically-aligned-center is-layout-flow wp-block-column-is-layout-flow\">\n<figure class=\"wp-block-image size-full\"><img loading=\"lazy\" decoding=\"async\" width=\"900\" height=\"500\" src=\"https:\/\/lbp-chauffage.fr\/contenu\/uploads\/2022\/05\/thermor-logo-vector.png\" alt=\"\" class=\"wp-image-174\" srcset=\"https:\/\/lbp-chauffage.fr\/contenu\/uploads\/2022\/05\/thermor-logo-vector.png 900w, https:\/\/lbp-chauffage.fr\/contenu\/uploads\/2022\/05\/thermor-logo-vector-300x167.png 300w, https:\/\/lbp-chauffage.fr\/contenu\/uploads\/2022\/05\/thermor-logo-vector-768x427.png 768w, https:\/\/lbp-chauffage.fr\/contenu\/uploads\/2022\/05\/thermor-logo-vector-476x264.png 476w\" sizes=\"auto, (max-width: 706px) 89vw, (max-width: 767px) 82vw, 740px\" \/><\/figure>\n<\/div>\n\n\n\n<div class=\"wp-block-column is-vertically-aligned-center is-layout-flow wp-block-column-is-layout-flow\">\n<figure class=\"wp-block-image size-full\"><img loading=\"lazy\" decoding=\"async\" width=\"800\" height=\"122\" src=\"https:\/\/lbp-chauffage.fr\/contenu\/uploads\/2022\/09\/800px-Toshiba_logo.svg.png\" alt=\"\" class=\"wp-image-320\" srcset=\"https:\/\/lbp-chauffage.fr\/contenu\/uploads\/2022\/09\/800px-Toshiba_logo.svg.png 800w, https:\/\/lbp-chauffage.fr\/contenu\/uploads\/2022\/09\/800px-Toshiba_logo.svg-300x46.png 300w, https:\/\/lbp-chauffage.fr\/contenu\/uploads\/2022\/09\/800px-Toshiba_logo.svg-768x117.png 768w, https:\/\/lbp-chauffage.fr\/contenu\/uploads\/2022\/09\/800px-Toshiba_logo.svg-476x73.png 476w\" sizes=\"auto, (max-width: 706px) 89vw, (max-width: 767px) 82vw, 740px\" \/><\/figure>\n<\/div>\n\n\n\n<div class=\"wp-block-column is-vertically-aligned-center is-layout-flow wp-block-column-is-layout-flow\">\n<figure class=\"wp-block-image size-large\"><img loading=\"lazy\" decoding=\"async\" width=\"1024\" height=\"273\" src=\"https:\/\/lbp-chauffage.fr\/contenu\/uploads\/2022\/05\/de-dietrich_logo_garanka_.png-1024x273.png\" alt=\"\" class=\"wp-image-187\" srcset=\"https:\/\/lbp-chauffage.fr\/contenu\/uploads\/2022\/05\/de-dietrich_logo_garanka_.png-1024x273.png 1024w, https:\/\/lbp-chauffage.fr\/contenu\/uploads\/2022\/05\/de-dietrich_logo_garanka_.png-300x80.png 300w, https:\/\/lbp-chauffage.fr\/contenu\/uploads\/2022\/05\/de-dietrich_logo_garanka_.png-768x205.png 768w, https:\/\/lbp-chauffage.fr\/contenu\/uploads\/2022\/05\/de-dietrich_logo_garanka_.png-476x127.png 476w, https:\/\/lbp-chauffage.fr\/contenu\/uploads\/2022\/05\/de-dietrich_logo_garanka_.png.png 1200w\" sizes=\"auto, (max-width: 706px) 89vw, (max-width: 767px) 82vw, 740px\" \/><\/figure>\n<\/div>\n\n\n\n<div class=\"wp-block-column is-vertically-aligned-center is-layout-flow wp-block-column-is-layout-flow\"><\/div>\n<\/div>\n","protected":false},"excerpt":{"rendered":"<p>Profitez d&rsquo;un confort thermique \u00e9t\u00e9 comme hiver Quelle que soit la configuration de votre logement, vos envies et votre budget, nous trouverons une solution permettant de r\u00e9pondre \u00e0 vos attentes de confort \u00e9t\u00e9 comme hiver, pour une ou plusieurs pi\u00e8ces. R\u00e9sidentiel L\u2019\u00e9quilibre parfait entre \u00e9l\u00e9gance, silence et performance&nbsp;. Pour chauffer \/ refroidir une pi\u00e8ce&nbsp;: la<\/p>\n","protected":false},"author":6,"featured_media":0,"parent":39,"menu_order":0,"comment_status":"closed","ping_status":"closed","template":"","meta":{"_acf_changed":false,"footnotes":""},"class_list":["post-48","page","type-page","status-publish","hentry"],"acf":[],"yoast_head":"<!-- This site is optimized with the Yoast SEO plugin v27.4 - https:\/\/yoast.com\/product\/yoast-seo-wordpress\/ -->\n<title>LBP Chauffage - syst\u00e8mes de climatisation pr\u00e8s de Cluny et Charolles<\/title>\n<meta name=\"description\" content=\"LBP Chauffage intervient rapidement pour l&#039;installation et le d\u00e9pannage de vos syst\u00e8mes de climatisation \u00e0 Paray-le-Monial, Cluny, Charolles.\" \/>\n<meta name=\"robots\" content=\"index, follow, max-snippet:-1, max-image-preview:large, max-video-preview:-1\" \/>\n<link rel=\"canonical\" href=\"https:\/\/lbp-chauffage.fr\/wbst\/plombier-chauffagiste\/climatisation-installation-depannage-cluny-71\/\" \/>\n<meta property=\"og:locale\" content=\"fr_FR\" \/>\n<meta property=\"og:type\" content=\"article\" \/>\n<meta property=\"og:title\" content=\"LBP Chauffage - syst\u00e8mes de climatisation pr\u00e8s de Cluny et Charolles\" \/>\n<meta property=\"og:description\" content=\"LBP Chauffage intervient rapidement pour l&#039;installation et le d\u00e9pannage de vos syst\u00e8mes de climatisation \u00e0 Paray-le-Monial, Cluny, Charolles.\" \/>\n<meta property=\"og:url\" content=\"https:\/\/lbp-chauffage.fr\/wbst\/plombier-chauffagiste\/climatisation-installation-depannage-cluny-71\/\" \/>\n<meta property=\"og:site_name\" content=\"LBP Chauffage\" \/>\n<meta property=\"article:modified_time\" content=\"2022-09-07T15:03:29+00:00\" \/>\n<meta property=\"og:image\" content=\"https:\/\/lbp-chauffage.fr\/contenu\/uploads\/2022\/09\/air-conditioning-decoration-interior.jpg\" \/>\n<meta name=\"twitter:card\" content=\"summary_large_image\" \/>\n<meta name=\"twitter:label1\" content=\"Dur\u00e9e de lecture estim\u00e9e\" \/>\n\t<meta name=\"twitter:data1\" content=\"4 minutes\" \/>\n<script type=\"application\/ld+json\" class=\"yoast-schema-graph\">{\"@context\":\"https:\\\/\\\/schema.org\",\"@graph\":[{\"@type\":\"WebPage\",\"@id\":\"https:\\\/\\\/lbp-chauffage.fr\\\/wbst\\\/plombier-chauffagiste\\\/climatisation-installation-depannage-cluny-71\\\/\",\"url\":\"https:\\\/\\\/lbp-chauffage.fr\\\/wbst\\\/plombier-chauffagiste\\\/climatisation-installation-depannage-cluny-71\\\/\",\"name\":\"LBP Chauffage - syst\u00e8mes de climatisation pr\u00e8s de Cluny et Charolles\",\"isPartOf\":{\"@id\":\"https:\\\/\\\/lbp-chauffage.fr\\\/wbst\\\/#website\"},\"primaryImageOfPage\":{\"@id\":\"https:\\\/\\\/lbp-chauffage.fr\\\/wbst\\\/plombier-chauffagiste\\\/climatisation-installation-depannage-cluny-71\\\/#primaryimage\"},\"image\":{\"@id\":\"https:\\\/\\\/lbp-chauffage.fr\\\/wbst\\\/plombier-chauffagiste\\\/climatisation-installation-depannage-cluny-71\\\/#primaryimage\"},\"thumbnailUrl\":\"https:\\\/\\\/lbp-chauffage.fr\\\/contenu\\\/uploads\\\/2022\\\/09\\\/air-conditioning-decoration-interior.jpg\",\"datePublished\":\"2022-02-17T14:27:14+00:00\",\"dateModified\":\"2022-09-07T15:03:29+00:00\",\"description\":\"LBP Chauffage intervient rapidement pour l'installation et le d\u00e9pannage de vos syst\u00e8mes de climatisation \u00e0 Paray-le-Monial, Cluny, Charolles.\",\"breadcrumb\":{\"@id\":\"https:\\\/\\\/lbp-chauffage.fr\\\/wbst\\\/plombier-chauffagiste\\\/climatisation-installation-depannage-cluny-71\\\/#breadcrumb\"},\"inLanguage\":\"fr-FR\",\"potentialAction\":[{\"@type\":\"ReadAction\",\"target\":[\"https:\\\/\\\/lbp-chauffage.fr\\\/wbst\\\/plombier-chauffagiste\\\/climatisation-installation-depannage-cluny-71\\\/\"]}]},{\"@type\":\"ImageObject\",\"inLanguage\":\"fr-FR\",\"@id\":\"https:\\\/\\\/lbp-chauffage.fr\\\/wbst\\\/plombier-chauffagiste\\\/climatisation-installation-depannage-cluny-71\\\/#primaryimage\",\"url\":\"https:\\\/\\\/lbp-chauffage.fr\\\/contenu\\\/uploads\\\/2022\\\/09\\\/air-conditioning-decoration-interior.jpg\",\"contentUrl\":\"https:\\\/\\\/lbp-chauffage.fr\\\/contenu\\\/uploads\\\/2022\\\/09\\\/air-conditioning-decoration-interior.jpg\"},{\"@type\":\"BreadcrumbList\",\"@id\":\"https:\\\/\\\/lbp-chauffage.fr\\\/wbst\\\/plombier-chauffagiste\\\/climatisation-installation-depannage-cluny-71\\\/#breadcrumb\",\"itemListElement\":[{\"@type\":\"ListItem\",\"position\":1,\"name\":\"Home\",\"item\":\"https:\\\/\\\/lbp-chauffage.fr\\\/wbst\\\/\"},{\"@type\":\"ListItem\",\"position\":2,\"name\":\"D\u00e9couvrez nos diff\u00e9rentes prestations &#8211; LBP Chauffage : plomberie sanitaire pr\u00e8s de Cluny (71)\",\"item\":\"https:\\\/\\\/lbp-chauffage.fr\\\/wbst\\\/plombier-chauffagiste\\\/\"},{\"@type\":\"ListItem\",\"position\":3,\"name\":\"LBP Chauffage intervient pour vos besoins en climatisation (71)\"}]},{\"@type\":\"WebSite\",\"@id\":\"https:\\\/\\\/lbp-chauffage.fr\\\/wbst\\\/#website\",\"url\":\"https:\\\/\\\/lbp-chauffage.fr\\\/wbst\\\/\",\"name\":\"LBP Chauffage\",\"description\":\"\",\"publisher\":{\"@id\":\"https:\\\/\\\/lbp-chauffage.fr\\\/wbst\\\/#organization\"},\"potentialAction\":[{\"@type\":\"SearchAction\",\"target\":{\"@type\":\"EntryPoint\",\"urlTemplate\":\"https:\\\/\\\/lbp-chauffage.fr\\\/wbst\\\/?s={search_term_string}\"},\"query-input\":{\"@type\":\"PropertyValueSpecification\",\"valueRequired\":true,\"valueName\":\"search_term_string\"}}],\"inLanguage\":\"fr-FR\"},{\"@type\":\"Organization\",\"@id\":\"https:\\\/\\\/lbp-chauffage.fr\\\/wbst\\\/#organization\",\"name\":\"LBP Chauffage\",\"url\":\"https:\\\/\\\/lbp-chauffage.fr\\\/wbst\\\/\",\"logo\":{\"@type\":\"ImageObject\",\"inLanguage\":\"fr-FR\",\"@id\":\"https:\\\/\\\/lbp-chauffage.fr\\\/wbst\\\/#\\\/schema\\\/logo\\\/image\\\/\",\"url\":\"https:\\\/\\\/lbp-chauffage.fr\\\/contenu\\\/uploads\\\/2022\\\/03\\\/lbp-chauffage-logo-footer.svg\",\"contentUrl\":\"https:\\\/\\\/lbp-chauffage.fr\\\/contenu\\\/uploads\\\/2022\\\/03\\\/lbp-chauffage-logo-footer.svg\",\"width\":515,\"height\":321,\"caption\":\"LBP Chauffage\"},\"image\":{\"@id\":\"https:\\\/\\\/lbp-chauffage.fr\\\/wbst\\\/#\\\/schema\\\/logo\\\/image\\\/\"}}]}<\/script>\n<!-- \/ Yoast SEO plugin. -->","yoast_head_json":{"title":"LBP Chauffage - syst\u00e8mes de climatisation pr\u00e8s de Cluny et Charolles","description":"LBP Chauffage intervient rapidement pour l'installation et le d\u00e9pannage de vos syst\u00e8mes de climatisation \u00e0 Paray-le-Monial, Cluny, Charolles.","robots":{"index":"index","follow":"follow","max-snippet":"max-snippet:-1","max-image-preview":"max-image-preview:large","max-video-preview":"max-video-preview:-1"},"canonical":"https:\/\/lbp-chauffage.fr\/wbst\/plombier-chauffagiste\/climatisation-installation-depannage-cluny-71\/","og_locale":"fr_FR","og_type":"article","og_title":"LBP Chauffage - syst\u00e8mes de climatisation pr\u00e8s de Cluny et Charolles","og_description":"LBP Chauffage intervient rapidement pour l'installation et le d\u00e9pannage de vos syst\u00e8mes de climatisation \u00e0 Paray-le-Monial, Cluny, Charolles.","og_url":"https:\/\/lbp-chauffage.fr\/wbst\/plombier-chauffagiste\/climatisation-installation-depannage-cluny-71\/","og_site_name":"LBP Chauffage","article_modified_time":"2022-09-07T15:03:29+00:00","og_image":[{"url":"https:\/\/lbp-chauffage.fr\/contenu\/uploads\/2022\/09\/air-conditioning-decoration-interior.jpg","type":"","width":"","height":""}],"twitter_card":"summary_large_image","twitter_misc":{"Dur\u00e9e de lecture estim\u00e9e":"4 minutes"},"schema":{"@context":"https:\/\/schema.org","@graph":[{"@type":"WebPage","@id":"https:\/\/lbp-chauffage.fr\/wbst\/plombier-chauffagiste\/climatisation-installation-depannage-cluny-71\/","url":"https:\/\/lbp-chauffage.fr\/wbst\/plombier-chauffagiste\/climatisation-installation-depannage-cluny-71\/","name":"LBP Chauffage - syst\u00e8mes de climatisation pr\u00e8s de Cluny et Charolles","isPartOf":{"@id":"https:\/\/lbp-chauffage.fr\/wbst\/#website"},"primaryImageOfPage":{"@id":"https:\/\/lbp-chauffage.fr\/wbst\/plombier-chauffagiste\/climatisation-installation-depannage-cluny-71\/#primaryimage"},"image":{"@id":"https:\/\/lbp-chauffage.fr\/wbst\/plombier-chauffagiste\/climatisation-installation-depannage-cluny-71\/#primaryimage"},"thumbnailUrl":"https:\/\/lbp-chauffage.fr\/contenu\/uploads\/2022\/09\/air-conditioning-decoration-interior.jpg","datePublished":"2022-02-17T14:27:14+00:00","dateModified":"2022-09-07T15:03:29+00:00","description":"LBP Chauffage intervient rapidement pour l'installation et le d\u00e9pannage de vos syst\u00e8mes de climatisation \u00e0 Paray-le-Monial, Cluny, Charolles.","breadcrumb":{"@id":"https:\/\/lbp-chauffage.fr\/wbst\/plombier-chauffagiste\/climatisation-installation-depannage-cluny-71\/#breadcrumb"},"inLanguage":"fr-FR","potentialAction":[{"@type":"ReadAction","target":["https:\/\/lbp-chauffage.fr\/wbst\/plombier-chauffagiste\/climatisation-installation-depannage-cluny-71\/"]}]},{"@type":"ImageObject","inLanguage":"fr-FR","@id":"https:\/\/lbp-chauffage.fr\/wbst\/plombier-chauffagiste\/climatisation-installation-depannage-cluny-71\/#primaryimage","url":"https:\/\/lbp-chauffage.fr\/contenu\/uploads\/2022\/09\/air-conditioning-decoration-interior.jpg","contentUrl":"https:\/\/lbp-chauffage.fr\/contenu\/uploads\/2022\/09\/air-conditioning-decoration-interior.jpg"},{"@type":"BreadcrumbList","@id":"https:\/\/lbp-chauffage.fr\/wbst\/plombier-chauffagiste\/climatisation-installation-depannage-cluny-71\/#breadcrumb","itemListElement":[{"@type":"ListItem","position":1,"name":"Home","item":"https:\/\/lbp-chauffage.fr\/wbst\/"},{"@type":"ListItem","position":2,"name":"D\u00e9couvrez nos diff\u00e9rentes prestations &#8211; LBP Chauffage : plomberie sanitaire pr\u00e8s de Cluny (71)","item":"https:\/\/lbp-chauffage.fr\/wbst\/plombier-chauffagiste\/"},{"@type":"ListItem","position":3,"name":"LBP Chauffage intervient pour vos besoins en climatisation (71)"}]},{"@type":"WebSite","@id":"https:\/\/lbp-chauffage.fr\/wbst\/#website","url":"https:\/\/lbp-chauffage.fr\/wbst\/","name":"LBP Chauffage","description":"","publisher":{"@id":"https:\/\/lbp-chauffage.fr\/wbst\/#organization"},"potentialAction":[{"@type":"SearchAction","target":{"@type":"EntryPoint","urlTemplate":"https:\/\/lbp-chauffage.fr\/wbst\/?s={search_term_string}"},"query-input":{"@type":"PropertyValueSpecification","valueRequired":true,"valueName":"search_term_string"}}],"inLanguage":"fr-FR"},{"@type":"Organization","@id":"https:\/\/lbp-chauffage.fr\/wbst\/#organization","name":"LBP Chauffage","url":"https:\/\/lbp-chauffage.fr\/wbst\/","logo":{"@type":"ImageObject","inLanguage":"fr-FR","@id":"https:\/\/lbp-chauffage.fr\/wbst\/#\/schema\/logo\/image\/","url":"https:\/\/lbp-chauffage.fr\/contenu\/uploads\/2022\/03\/lbp-chauffage-logo-footer.svg","contentUrl":"https:\/\/lbp-chauffage.fr\/contenu\/uploads\/2022\/03\/lbp-chauffage-logo-footer.svg","width":515,"height":321,"caption":"LBP Chauffage"},"image":{"@id":"https:\/\/lbp-chauffage.fr\/wbst\/#\/schema\/logo\/image\/"}}]}},"_links":{"self":[{"href":"https:\/\/lbp-chauffage.fr\/wbst\/wp-json\/wp\/v2\/pages\/48","targetHints":{"allow":["GET"]}}],"collection":[{"href":"https:\/\/lbp-chauffage.fr\/wbst\/wp-json\/wp\/v2\/pages"}],"about":[{"href":"https:\/\/lbp-chauffage.fr\/wbst\/wp-json\/wp\/v2\/types\/page"}],"author":[{"embeddable":true,"href":"https:\/\/lbp-chauffage.fr\/wbst\/wp-json\/wp\/v2\/users\/6"}],"replies":[{"embeddable":true,"href":"https:\/\/lbp-chauffage.fr\/wbst\/wp-json\/wp\/v2\/comments?post=48"}],"version-history":[{"count":0,"href":"https:\/\/lbp-chauffage.fr\/wbst\/wp-json\/wp\/v2\/pages\/48\/revisions"}],"up":[{"embeddable":true,"href":"https:\/\/lbp-chauffage.fr\/wbst\/wp-json\/wp\/v2\/pages\/39"}],"wp:attachment":[{"href":"https:\/\/lbp-chauffage.fr\/wbst\/wp-json\/wp\/v2\/media?parent=48"}],"curies":[{"name":"wp","href":"https:\/\/api.w.org\/{rel}","templated":true}]}}