{"id":5,"date":"2022-02-07T14:20:17","date_gmt":"2022-02-07T13:20:17","guid":{"rendered":"http:\/\/localhost\/lpb\/accueil\/"},"modified":"2024-02-22T14:22:25","modified_gmt":"2024-02-22T13:22:25","slug":"accueil","status":"publish","type":"page","link":"https:\/\/lbp-chauffage.fr\/wbst\/","title":{"rendered":"Accueil"},"content":{"rendered":"\n<h1 class=\"wp-block-heading\">L&rsquo;exp\u00e9rience et la ma\u00eetrise d&rsquo;un artisan aux multiples comp\u00e9tences<\/h1>\n\n\n\n<p>Tout le confort pour votre maison ! C&rsquo;est ce que votre <strong>artisan plombier chauffagiste <a href=\"https:\/\/lbp-chauffage.fr\/plombier-chauffagiste-sanitaire-climatisation-macon-71\/\">LBP Chauffage<\/a><\/strong> vous propose. Situ\u00e9e \u00e0 <strong>Trivy <\/strong>en <strong>Sa\u00f4ne-et-Loire,<\/strong> notre soci\u00e9t\u00e9 est \u00e0 votre service pour toute <strong>installation<\/strong>, <strong>r\u00e9novation<\/strong>, et <strong><a href=\"https:\/\/lbp-chauffage.fr\/depannage-chauffage-plomberie-plombier-71\/\">d\u00e9pannage <\/a><\/strong>de <a href=\"https:\/\/lbp-chauffage.fr\/plombier-chauffagiste\/travaux-plomberie-paray-monial-71\/\"><strong>plomberie<\/strong>, <strong>sanitaire<\/strong><\/a>, <strong><a href=\"https:\/\/lbp-chauffage.fr\/plombier-chauffagiste\/chauffage-installation-depannage-cluny-71\/\">chauffage<\/a><\/strong>, <strong><a href=\"https:\/\/lbp-chauffage.fr\/plombier-chauffagiste\/pompe-chaleur-climatisation-macon-cluny-71\/\">pompe \u00e0 chaleur<\/a>.<\/strong> Nous intervenons \u00e9galement pour vos travaux de <strong><a href=\"https:\/\/lbp-chauffage.fr\/plombier-chauffagiste\/ramonage-entretien-cheminee-paray-monial-71\/\">ramonage<\/a><\/strong>.<\/p>\n\n\n\n<p><strong>LBP Chauffage<\/strong> se d\u00e9place dans un <strong><a href=\"https:\/\/lbp-chauffage.fr\/chauffagiste-plombier-installation-paray-macon-cluny-71\/\">rayon de 50 kilom\u00e8tres<\/a><\/strong>, soit jusqu&rsquo;\u00e0 <strong>Paray-le-Monial, M\u00e2con, Cluny<\/strong> ou encore <strong>Charolles<\/strong>. Gr\u00e2ce \u00e0 une <strong>solide exp\u00e9rience <\/strong>de plus de <strong>15 ans<\/strong>, nous serons \u00e0 m\u00eame de vous proposer des <strong>solutions efficaces <\/strong>pour am\u00e9liorer le confort de votre habitation ! Pour en savoir plus, n&rsquo;h\u00e9sitez pas \u00e0 <strong><a href=\"https:\/\/lbp-chauffage.fr\/contact-plombier-chauffage-sanitaires-paray-cluny-71\/\">nous contacter<\/a><\/strong>.<\/p>\n\n\n\n<p><\/p>\n","protected":false},"excerpt":{"rendered":"<p>L&rsquo;exp\u00e9rience et la ma\u00eetrise d&rsquo;un artisan aux multiples comp\u00e9tences Tout le confort pour votre maison ! C&rsquo;est ce que votre artisan plombier chauffagiste LBP Chauffage vous propose. Situ\u00e9e \u00e0 Trivy en Sa\u00f4ne-et-Loire, notre soci\u00e9t\u00e9 est \u00e0 votre service pour toute installation, r\u00e9novation, et d\u00e9pannage de plomberie, sanitaire, chauffage, pompe \u00e0 chaleur. Nous intervenons \u00e9galement pour<\/p>\n","protected":false},"author":6,"featured_media":0,"parent":0,"menu_order":0,"comment_status":"closed","ping_status":"closed","template":"","meta":{"_acf_changed":false,"footnotes":""},"class_list":["post-5","page","type-page","status-publish","hentry"],"acf":[],"yoast_head":"<!-- This site is optimized with the Yoast SEO plugin v27.4 - https:\/\/yoast.com\/product\/yoast-seo-wordpress\/ -->\n<title>LBP Chauffage - plomberie sanitaire pr\u00e8s de M\u00e2con (71)<\/title>\n<meta name=\"description\" content=\"LPB Chauffage peut intervenir \u00e0 Dompierre les Ormes, Tramayes, Suin, Sivignon, Verosvres, Ozolles, Beaubery ou encore \u00e0 Curtil sous Buffiere.\" \/>\n<meta name=\"robots\" content=\"index, follow, max-snippet:-1, max-image-preview:large, max-video-preview:-1\" \/>\n<link rel=\"canonical\" href=\"https:\/\/lbp-chauffage.fr\/wbst\/\" \/>\n<meta property=\"og:locale\" content=\"fr_FR\" \/>\n<meta property=\"og:type\" content=\"article\" \/>\n<meta property=\"og:title\" content=\"LBP Chauffage - plomberie sanitaire pr\u00e8s de M\u00e2con (71)\" \/>\n<meta property=\"og:description\" content=\"LPB Chauffage peut intervenir \u00e0 Dompierre les Ormes, Tramayes, Suin, Sivignon, Verosvres, Ozolles, Beaubery ou encore \u00e0 Curtil sous Buffiere.\" \/>\n<meta property=\"og:url\" content=\"https:\/\/lbp-chauffage.fr\/wbst\/\" \/>\n<meta property=\"og:site_name\" content=\"LBP Chauffage\" \/>\n<meta property=\"article:modified_time\" content=\"2024-02-22T13:22:25+00:00\" \/>\n<meta name=\"twitter:card\" content=\"summary_large_image\" \/>\n<meta name=\"twitter:label1\" content=\"Dur\u00e9e de lecture estim\u00e9e\" \/>\n\t<meta name=\"twitter:data1\" content=\"1 minute\" \/>\n<script type=\"application\/ld+json\" class=\"yoast-schema-graph\">{\"@context\":\"https:\\\/\\\/schema.org\",\"@graph\":[{\"@type\":\"WebPage\",\"@id\":\"https:\\\/\\\/lbp-chauffage.fr\\\/wbst\\\/\",\"url\":\"https:\\\/\\\/lbp-chauffage.fr\\\/wbst\\\/\",\"name\":\"LBP Chauffage - plomberie sanitaire pr\u00e8s de M\u00e2con (71)\",\"isPartOf\":{\"@id\":\"https:\\\/\\\/lbp-chauffage.fr\\\/wbst\\\/#website\"},\"datePublished\":\"2022-02-07T13:20:17+00:00\",\"dateModified\":\"2024-02-22T13:22:25+00:00\",\"description\":\"LPB Chauffage peut intervenir \u00e0 Dompierre les Ormes, Tramayes, Suin, Sivignon, Verosvres, Ozolles, Beaubery ou encore \u00e0 Curtil sous Buffiere.\",\"breadcrumb\":{\"@id\":\"https:\\\/\\\/lbp-chauffage.fr\\\/wbst\\\/#breadcrumb\"},\"inLanguage\":\"fr-FR\",\"potentialAction\":[{\"@type\":\"ReadAction\",\"target\":[\"https:\\\/\\\/lbp-chauffage.fr\\\/wbst\\\/\"]}]},{\"@type\":\"BreadcrumbList\",\"@id\":\"https:\\\/\\\/lbp-chauffage.fr\\\/wbst\\\/#breadcrumb\",\"itemListElement\":[{\"@type\":\"ListItem\",\"position\":1,\"name\":\"Home\",\"item\":\"https:\\\/\\\/lbp-chauffage.fr\\\/wbst\\\/\"},{\"@type\":\"ListItem\",\"position\":2,\"name\":\"Accueil\"}]},{\"@type\":\"WebSite\",\"@id\":\"https:\\\/\\\/lbp-chauffage.fr\\\/wbst\\\/#website\",\"url\":\"https:\\\/\\\/lbp-chauffage.fr\\\/wbst\\\/\",\"name\":\"LBP Chauffage\",\"description\":\"\",\"publisher\":{\"@id\":\"https:\\\/\\\/lbp-chauffage.fr\\\/wbst\\\/#organization\"},\"potentialAction\":[{\"@type\":\"SearchAction\",\"target\":{\"@type\":\"EntryPoint\",\"urlTemplate\":\"https:\\\/\\\/lbp-chauffage.fr\\\/wbst\\\/?s={search_term_string}\"},\"query-input\":{\"@type\":\"PropertyValueSpecification\",\"valueRequired\":true,\"valueName\":\"search_term_string\"}}],\"inLanguage\":\"fr-FR\"},{\"@type\":\"Organization\",\"@id\":\"https:\\\/\\\/lbp-chauffage.fr\\\/wbst\\\/#organization\",\"name\":\"LBP Chauffage\",\"url\":\"https:\\\/\\\/lbp-chauffage.fr\\\/wbst\\\/\",\"logo\":{\"@type\":\"ImageObject\",\"inLanguage\":\"fr-FR\",\"@id\":\"https:\\\/\\\/lbp-chauffage.fr\\\/wbst\\\/#\\\/schema\\\/logo\\\/image\\\/\",\"url\":\"https:\\\/\\\/lbp-chauffage.fr\\\/contenu\\\/uploads\\\/2022\\\/03\\\/lbp-chauffage-logo-footer.svg\",\"contentUrl\":\"https:\\\/\\\/lbp-chauffage.fr\\\/contenu\\\/uploads\\\/2022\\\/03\\\/lbp-chauffage-logo-footer.svg\",\"width\":515,\"height\":321,\"caption\":\"LBP Chauffage\"},\"image\":{\"@id\":\"https:\\\/\\\/lbp-chauffage.fr\\\/wbst\\\/#\\\/schema\\\/logo\\\/image\\\/\"}}]}<\/script>\n<!-- \/ Yoast SEO plugin. -->","yoast_head_json":{"title":"LBP Chauffage - plomberie sanitaire pr\u00e8s de M\u00e2con (71)","description":"LPB Chauffage peut intervenir \u00e0 Dompierre les Ormes, Tramayes, Suin, Sivignon, Verosvres, Ozolles, Beaubery ou encore \u00e0 Curtil sous Buffiere.","robots":{"index":"index","follow":"follow","max-snippet":"max-snippet:-1","max-image-preview":"max-image-preview:large","max-video-preview":"max-video-preview:-1"},"canonical":"https:\/\/lbp-chauffage.fr\/wbst\/","og_locale":"fr_FR","og_type":"article","og_title":"LBP Chauffage - plomberie sanitaire pr\u00e8s de M\u00e2con (71)","og_description":"LPB Chauffage peut intervenir \u00e0 Dompierre les Ormes, Tramayes, Suin, Sivignon, Verosvres, Ozolles, Beaubery ou encore \u00e0 Curtil sous Buffiere.","og_url":"https:\/\/lbp-chauffage.fr\/wbst\/","og_site_name":"LBP Chauffage","article_modified_time":"2024-02-22T13:22:25+00:00","twitter_card":"summary_large_image","twitter_misc":{"Dur\u00e9e de lecture estim\u00e9e":"1 minute"},"schema":{"@context":"https:\/\/schema.org","@graph":[{"@type":"WebPage","@id":"https:\/\/lbp-chauffage.fr\/wbst\/","url":"https:\/\/lbp-chauffage.fr\/wbst\/","name":"LBP Chauffage - plomberie sanitaire pr\u00e8s de M\u00e2con (71)","isPartOf":{"@id":"https:\/\/lbp-chauffage.fr\/wbst\/#website"},"datePublished":"2022-02-07T13:20:17+00:00","dateModified":"2024-02-22T13:22:25+00:00","description":"LPB Chauffage peut intervenir \u00e0 Dompierre les Ormes, Tramayes, Suin, Sivignon, Verosvres, Ozolles, Beaubery ou encore \u00e0 Curtil sous Buffiere.","breadcrumb":{"@id":"https:\/\/lbp-chauffage.fr\/wbst\/#breadcrumb"},"inLanguage":"fr-FR","potentialAction":[{"@type":"ReadAction","target":["https:\/\/lbp-chauffage.fr\/wbst\/"]}]},{"@type":"BreadcrumbList","@id":"https:\/\/lbp-chauffage.fr\/wbst\/#breadcrumb","itemListElement":[{"@type":"ListItem","position":1,"name":"Home","item":"https:\/\/lbp-chauffage.fr\/wbst\/"},{"@type":"ListItem","position":2,"name":"Accueil"}]},{"@type":"WebSite","@id":"https:\/\/lbp-chauffage.fr\/wbst\/#website","url":"https:\/\/lbp-chauffage.fr\/wbst\/","name":"LBP Chauffage","description":"","publisher":{"@id":"https:\/\/lbp-chauffage.fr\/wbst\/#organization"},"potentialAction":[{"@type":"SearchAction","target":{"@type":"EntryPoint","urlTemplate":"https:\/\/lbp-chauffage.fr\/wbst\/?s={search_term_string}"},"query-input":{"@type":"PropertyValueSpecification","valueRequired":true,"valueName":"search_term_string"}}],"inLanguage":"fr-FR"},{"@type":"Organization","@id":"https:\/\/lbp-chauffage.fr\/wbst\/#organization","name":"LBP Chauffage","url":"https:\/\/lbp-chauffage.fr\/wbst\/","logo":{"@type":"ImageObject","inLanguage":"fr-FR","@id":"https:\/\/lbp-chauffage.fr\/wbst\/#\/schema\/logo\/image\/","url":"https:\/\/lbp-chauffage.fr\/contenu\/uploads\/2022\/03\/lbp-chauffage-logo-footer.svg","contentUrl":"https:\/\/lbp-chauffage.fr\/contenu\/uploads\/2022\/03\/lbp-chauffage-logo-footer.svg","width":515,"height":321,"caption":"LBP Chauffage"},"image":{"@id":"https:\/\/lbp-chauffage.fr\/wbst\/#\/schema\/logo\/image\/"}}]}},"_links":{"self":[{"href":"https:\/\/lbp-chauffage.fr\/wbst\/wp-json\/wp\/v2\/pages\/5","targetHints":{"allow":["GET"]}}],"collection":[{"href":"https:\/\/lbp-chauffage.fr\/wbst\/wp-json\/wp\/v2\/pages"}],"about":[{"href":"https:\/\/lbp-chauffage.fr\/wbst\/wp-json\/wp\/v2\/types\/page"}],"author":[{"embeddable":true,"href":"https:\/\/lbp-chauffage.fr\/wbst\/wp-json\/wp\/v2\/users\/6"}],"replies":[{"embeddable":true,"href":"https:\/\/lbp-chauffage.fr\/wbst\/wp-json\/wp\/v2\/comments?post=5"}],"version-history":[{"count":0,"href":"https:\/\/lbp-chauffage.fr\/wbst\/wp-json\/wp\/v2\/pages\/5\/revisions"}],"wp:attachment":[{"href":"https:\/\/lbp-chauffage.fr\/wbst\/wp-json\/wp\/v2\/media?parent=5"}],"curies":[{"name":"wp","href":"https:\/\/api.w.org\/{rel}","templated":true}]}}