{"id":6,"date":"2022-02-07T14:20:17","date_gmt":"2022-02-07T13:20:17","guid":{"rendered":"http:\/\/localhost\/lpb\/qui-sommes-nous\/"},"modified":"2024-02-22T14:23:16","modified_gmt":"2024-02-22T13:23:16","slug":"plombier-chauffagiste-sanitaire-climatisation-macon-71","status":"publish","type":"page","link":"https:\/\/lbp-chauffage.fr\/wbst\/plombier-chauffagiste-sanitaire-climatisation-macon-71\/","title":{"rendered":"LBP Chauffage &#8211; installateur en plomberie, chauffage et sanitaire pr\u00e8s de M\u00e2con"},"content":{"rendered":"\n<h2 class=\"wp-block-heading\" id=\"des-solutions-pour-ameliorer-le-confort-de-votre-habitation-en-saone-et-loire\">Des solutions pour am\u00e9liorer le confort de votre habitation en Sa\u00f4ne-et-Loire<\/h2>\n\n\n\n<p>Cr\u00e9\u00e9e en <strong>2022<\/strong>, la soci\u00e9t\u00e9 <strong>LBP Chauffage<\/strong> est la suite logique des diverses <strong>exp\u00e9riences <\/strong>de<strong> Lo\u00efc Beloux.<\/strong> Apr\u00e8s avoir pass\u00e9 un<strong> CAP Installateur Thermique<\/strong> en apprentissage, il a ensuite travaill\u00e9 pendant 2 ann\u00e9es suppl\u00e9mentaires dans la soci\u00e9t\u00e9 qui l&rsquo;a form\u00e9. Par la suite, Lo\u00efc Beloux a pass\u00e9 plus de<strong> 11 ans<\/strong> dans une soci\u00e9t\u00e9 sp\u00e9cialis\u00e9e dans la <strong>r\u00e9novation<\/strong>. <\/p>\n\n\n\n<p>C&rsquo;est apr\u00e8s avoir acquis suffisamment&nbsp;d&rsquo;exp\u00e9rience (pr\u00e8s de 15 ans), et suivi de <strong>nombreuses<\/strong> <strong>formations<\/strong>, que Lo\u00efc Beloux a d\u00e9cid\u00e9 de se mettre \u00e0 son compte, et de fonder en <strong>2022 LBP Chauffage<\/strong>. Notre soci\u00e9t\u00e9 est sp\u00e9cialis\u00e9e dans tous les domaines se rapportant&nbsp;aux <strong>installations<\/strong> de vos <strong>syst\u00e8mes <\/strong>de <strong><a href=\"https:\/\/lbp-chauffage.fr\/plombier-chauffagiste\/chauffage-installation-depannage-cluny-71\/\">chauffage<\/a><\/strong>,<a href=\"https:\/\/lbp-chauffage.fr\/plombier-chauffagiste\/travaux-plomberie-paray-monial-71\/\"> <strong>plomberie <\/strong>et <strong>sanitaire<\/strong><\/a>. Situ\u00e9s \u00e0 <strong>Trivy <\/strong>en <strong><a href=\"https:\/\/lbp-chauffage.fr\/chauffagiste-plombier-installation-paray-macon-cluny-71\/\">Sa\u00f4ne-et-Loire<\/a><\/strong>, nous intervenons dans un<strong> rayon de 50 kilom\u00e8tres<\/strong>, soit sur les secteurs de <strong>Paray-le-Monial, M\u00e2con, Cluny <\/strong>et <strong>Charolles<\/strong>.<\/p>\n\n\n\n<p>Nous nous orientons de plus en plus vers les <strong>\u00e9nergies renouvelables<\/strong> telles que le <strong>solaire<\/strong>, la<strong> pompe \u00e0 chaleur<\/strong>, la <strong>g\u00e9othermie<\/strong>, etc. <strong>LBP Chauffage<\/strong> est donc \u00e0 votre <strong>disposition <\/strong>et <strong>\u00e9coute <\/strong>pour tous vos besoins en pose de <strong>chauffage<\/strong>, pour la <strong><a href=\"https:\/\/lbp-chauffage.fr\/plombier-chauffagiste\/pompe-chaleur-climatisation-macon-cluny-71\/\">climatisation<\/a><\/strong>, pour la <strong>r\u00e9novation sanitaire <\/strong>de vos pi\u00e8ces d&rsquo;eau, pour la <strong>plomberie<\/strong>.<\/p>\n\n\n\n<p><strong>R\u00e9actifs<\/strong> et <strong>disponibles<\/strong>, nous pouvons intervenir pour vos <strong><a href=\"https:\/\/lbp-chauffage.fr\/depannage-chauffage-plomberie-plombier-71\/\">d\u00e9pannages <\/a>d&rsquo;urgences <\/strong>les <strong>week-ends et jours f\u00e9ri\u00e9s.<\/strong> Nous r\u00e9pondons \u00e9galement aux besoins des<strong> personnes \u00e0 mobilit\u00e9 r\u00e9duite <\/strong>: <strong>conception <\/strong>et <strong>installation d&rsquo;am\u00e9nagements <\/strong>pour <strong>particuliers <\/strong>ou <strong>\u00e9tablissements publics<\/strong>.<\/p>\n\n\n\n<p>Quelles <strong>aides <\/strong>pour la<strong> r\u00e9novation \u00e9nerg\u00e9tique<\/strong> ? <strong>&nbsp;Ma prime r\u00e9nov<\/strong> et le <strong>cr\u00e9dit d\u2019imp\u00f4t transition \u00e9nerg\u00e9tique.<\/strong><\/p>\n\n\n\n<p>Vous avez un <strong>projet de r\u00e9novation <\/strong>? Prenez <strong><a href=\"https:\/\/lbp-chauffage.fr\/contact-plombier-chauffage-sanitaires-paray-cluny-71\/\">contact<\/a><\/strong> d\u00e8s maintenant pour nous faire part de vos besoins.<\/p>\n","protected":false},"excerpt":{"rendered":"<p>Des solutions pour am\u00e9liorer le confort de votre habitation en Sa\u00f4ne-et-Loire Cr\u00e9\u00e9e en 2022, la soci\u00e9t\u00e9 LBP Chauffage est la suite logique des diverses exp\u00e9riences de Lo\u00efc Beloux. Apr\u00e8s avoir pass\u00e9 un CAP Installateur Thermique en apprentissage, il a ensuite travaill\u00e9 pendant 2 ann\u00e9es suppl\u00e9mentaires dans la soci\u00e9t\u00e9 qui l&rsquo;a form\u00e9. Par la suite, Lo\u00efc<\/p>\n","protected":false},"author":6,"featured_media":0,"parent":0,"menu_order":1,"comment_status":"closed","ping_status":"closed","template":"","meta":{"_acf_changed":false,"footnotes":""},"class_list":["post-6","page","type-page","status-publish","hentry"],"acf":[],"yoast_head":"<!-- This site is optimized with the Yoast SEO plugin v27.4 - https:\/\/yoast.com\/product\/yoast-seo-wordpress\/ -->\n<title>LBP, Votre plombier, chauffagiste et sanitaire \u00e0 Paray le Monial<\/title>\n<meta name=\"description\" content=\"LBP Chauffage intervient \u00e9galement sur Bergesserin, Chiffes, Vendenesse Les Charolles, Jalogny, Mazille, Sainte C\u00e9cile, Montmelard, etc...\" \/>\n<meta name=\"robots\" content=\"index, follow, max-snippet:-1, max-image-preview:large, max-video-preview:-1\" \/>\n<link rel=\"canonical\" href=\"https:\/\/lbp-chauffage.fr\/wbst\/plombier-chauffagiste-sanitaire-climatisation-macon-71\/\" \/>\n<meta property=\"og:locale\" content=\"fr_FR\" \/>\n<meta property=\"og:type\" content=\"article\" \/>\n<meta property=\"og:title\" content=\"LBP, Votre plombier, chauffagiste et sanitaire \u00e0 Paray le Monial\" \/>\n<meta property=\"og:description\" content=\"LBP Chauffage intervient \u00e9galement sur Bergesserin, Chiffes, Vendenesse Les Charolles, Jalogny, Mazille, Sainte C\u00e9cile, Montmelard, etc...\" \/>\n<meta property=\"og:url\" content=\"https:\/\/lbp-chauffage.fr\/wbst\/plombier-chauffagiste-sanitaire-climatisation-macon-71\/\" \/>\n<meta property=\"og:site_name\" content=\"LBP Chauffage\" \/>\n<meta property=\"article:modified_time\" content=\"2024-02-22T13:23:16+00:00\" \/>\n<meta name=\"twitter:card\" content=\"summary_large_image\" \/>\n<meta name=\"twitter:label1\" content=\"Dur\u00e9e de lecture estim\u00e9e\" \/>\n\t<meta name=\"twitter:data1\" content=\"2 minutes\" \/>\n<script type=\"application\/ld+json\" class=\"yoast-schema-graph\">{\"@context\":\"https:\\\/\\\/schema.org\",\"@graph\":[{\"@type\":\"WebPage\",\"@id\":\"https:\\\/\\\/lbp-chauffage.fr\\\/wbst\\\/plombier-chauffagiste-sanitaire-climatisation-macon-71\\\/\",\"url\":\"https:\\\/\\\/lbp-chauffage.fr\\\/wbst\\\/plombier-chauffagiste-sanitaire-climatisation-macon-71\\\/\",\"name\":\"LBP, Votre plombier, chauffagiste et sanitaire \u00e0 Paray le Monial\",\"isPartOf\":{\"@id\":\"https:\\\/\\\/lbp-chauffage.fr\\\/wbst\\\/#website\"},\"datePublished\":\"2022-02-07T13:20:17+00:00\",\"dateModified\":\"2024-02-22T13:23:16+00:00\",\"description\":\"LBP Chauffage intervient \u00e9galement sur Bergesserin, Chiffes, Vendenesse Les Charolles, Jalogny, Mazille, Sainte C\u00e9cile, Montmelard, etc...\",\"breadcrumb\":{\"@id\":\"https:\\\/\\\/lbp-chauffage.fr\\\/wbst\\\/plombier-chauffagiste-sanitaire-climatisation-macon-71\\\/#breadcrumb\"},\"inLanguage\":\"fr-FR\",\"potentialAction\":[{\"@type\":\"ReadAction\",\"target\":[\"https:\\\/\\\/lbp-chauffage.fr\\\/wbst\\\/plombier-chauffagiste-sanitaire-climatisation-macon-71\\\/\"]}]},{\"@type\":\"BreadcrumbList\",\"@id\":\"https:\\\/\\\/lbp-chauffage.fr\\\/wbst\\\/plombier-chauffagiste-sanitaire-climatisation-macon-71\\\/#breadcrumb\",\"itemListElement\":[{\"@type\":\"ListItem\",\"position\":1,\"name\":\"Home\",\"item\":\"https:\\\/\\\/lbp-chauffage.fr\\\/wbst\\\/\"},{\"@type\":\"ListItem\",\"position\":2,\"name\":\"LBP Chauffage &#8211; installateur en plomberie, chauffage et sanitaire pr\u00e8s de M\u00e2con\"}]},{\"@type\":\"WebSite\",\"@id\":\"https:\\\/\\\/lbp-chauffage.fr\\\/wbst\\\/#website\",\"url\":\"https:\\\/\\\/lbp-chauffage.fr\\\/wbst\\\/\",\"name\":\"LBP Chauffage\",\"description\":\"\",\"publisher\":{\"@id\":\"https:\\\/\\\/lbp-chauffage.fr\\\/wbst\\\/#organization\"},\"potentialAction\":[{\"@type\":\"SearchAction\",\"target\":{\"@type\":\"EntryPoint\",\"urlTemplate\":\"https:\\\/\\\/lbp-chauffage.fr\\\/wbst\\\/?s={search_term_string}\"},\"query-input\":{\"@type\":\"PropertyValueSpecification\",\"valueRequired\":true,\"valueName\":\"search_term_string\"}}],\"inLanguage\":\"fr-FR\"},{\"@type\":\"Organization\",\"@id\":\"https:\\\/\\\/lbp-chauffage.fr\\\/wbst\\\/#organization\",\"name\":\"LBP Chauffage\",\"url\":\"https:\\\/\\\/lbp-chauffage.fr\\\/wbst\\\/\",\"logo\":{\"@type\":\"ImageObject\",\"inLanguage\":\"fr-FR\",\"@id\":\"https:\\\/\\\/lbp-chauffage.fr\\\/wbst\\\/#\\\/schema\\\/logo\\\/image\\\/\",\"url\":\"https:\\\/\\\/lbp-chauffage.fr\\\/contenu\\\/uploads\\\/2022\\\/03\\\/lbp-chauffage-logo-footer.svg\",\"contentUrl\":\"https:\\\/\\\/lbp-chauffage.fr\\\/contenu\\\/uploads\\\/2022\\\/03\\\/lbp-chauffage-logo-footer.svg\",\"width\":515,\"height\":321,\"caption\":\"LBP Chauffage\"},\"image\":{\"@id\":\"https:\\\/\\\/lbp-chauffage.fr\\\/wbst\\\/#\\\/schema\\\/logo\\\/image\\\/\"}}]}<\/script>\n<!-- \/ Yoast SEO plugin. -->","yoast_head_json":{"title":"LBP, Votre plombier, chauffagiste et sanitaire \u00e0 Paray le Monial","description":"LBP Chauffage intervient \u00e9galement sur Bergesserin, Chiffes, Vendenesse Les Charolles, Jalogny, Mazille, Sainte C\u00e9cile, Montmelard, etc...","robots":{"index":"index","follow":"follow","max-snippet":"max-snippet:-1","max-image-preview":"max-image-preview:large","max-video-preview":"max-video-preview:-1"},"canonical":"https:\/\/lbp-chauffage.fr\/wbst\/plombier-chauffagiste-sanitaire-climatisation-macon-71\/","og_locale":"fr_FR","og_type":"article","og_title":"LBP, Votre plombier, chauffagiste et sanitaire \u00e0 Paray le Monial","og_description":"LBP Chauffage intervient \u00e9galement sur Bergesserin, Chiffes, Vendenesse Les Charolles, Jalogny, Mazille, Sainte C\u00e9cile, Montmelard, etc...","og_url":"https:\/\/lbp-chauffage.fr\/wbst\/plombier-chauffagiste-sanitaire-climatisation-macon-71\/","og_site_name":"LBP Chauffage","article_modified_time":"2024-02-22T13:23:16+00:00","twitter_card":"summary_large_image","twitter_misc":{"Dur\u00e9e de lecture estim\u00e9e":"2 minutes"},"schema":{"@context":"https:\/\/schema.org","@graph":[{"@type":"WebPage","@id":"https:\/\/lbp-chauffage.fr\/wbst\/plombier-chauffagiste-sanitaire-climatisation-macon-71\/","url":"https:\/\/lbp-chauffage.fr\/wbst\/plombier-chauffagiste-sanitaire-climatisation-macon-71\/","name":"LBP, Votre plombier, chauffagiste et sanitaire \u00e0 Paray le Monial","isPartOf":{"@id":"https:\/\/lbp-chauffage.fr\/wbst\/#website"},"datePublished":"2022-02-07T13:20:17+00:00","dateModified":"2024-02-22T13:23:16+00:00","description":"LBP Chauffage intervient \u00e9galement sur Bergesserin, Chiffes, Vendenesse Les Charolles, Jalogny, Mazille, Sainte C\u00e9cile, Montmelard, etc...","breadcrumb":{"@id":"https:\/\/lbp-chauffage.fr\/wbst\/plombier-chauffagiste-sanitaire-climatisation-macon-71\/#breadcrumb"},"inLanguage":"fr-FR","potentialAction":[{"@type":"ReadAction","target":["https:\/\/lbp-chauffage.fr\/wbst\/plombier-chauffagiste-sanitaire-climatisation-macon-71\/"]}]},{"@type":"BreadcrumbList","@id":"https:\/\/lbp-chauffage.fr\/wbst\/plombier-chauffagiste-sanitaire-climatisation-macon-71\/#breadcrumb","itemListElement":[{"@type":"ListItem","position":1,"name":"Home","item":"https:\/\/lbp-chauffage.fr\/wbst\/"},{"@type":"ListItem","position":2,"name":"LBP Chauffage &#8211; installateur en plomberie, chauffage et sanitaire pr\u00e8s de M\u00e2con"}]},{"@type":"WebSite","@id":"https:\/\/lbp-chauffage.fr\/wbst\/#website","url":"https:\/\/lbp-chauffage.fr\/wbst\/","name":"LBP Chauffage","description":"","publisher":{"@id":"https:\/\/lbp-chauffage.fr\/wbst\/#organization"},"potentialAction":[{"@type":"SearchAction","target":{"@type":"EntryPoint","urlTemplate":"https:\/\/lbp-chauffage.fr\/wbst\/?s={search_term_string}"},"query-input":{"@type":"PropertyValueSpecification","valueRequired":true,"valueName":"search_term_string"}}],"inLanguage":"fr-FR"},{"@type":"Organization","@id":"https:\/\/lbp-chauffage.fr\/wbst\/#organization","name":"LBP Chauffage","url":"https:\/\/lbp-chauffage.fr\/wbst\/","logo":{"@type":"ImageObject","inLanguage":"fr-FR","@id":"https:\/\/lbp-chauffage.fr\/wbst\/#\/schema\/logo\/image\/","url":"https:\/\/lbp-chauffage.fr\/contenu\/uploads\/2022\/03\/lbp-chauffage-logo-footer.svg","contentUrl":"https:\/\/lbp-chauffage.fr\/contenu\/uploads\/2022\/03\/lbp-chauffage-logo-footer.svg","width":515,"height":321,"caption":"LBP Chauffage"},"image":{"@id":"https:\/\/lbp-chauffage.fr\/wbst\/#\/schema\/logo\/image\/"}}]}},"_links":{"self":[{"href":"https:\/\/lbp-chauffage.fr\/wbst\/wp-json\/wp\/v2\/pages\/6","targetHints":{"allow":["GET"]}}],"collection":[{"href":"https:\/\/lbp-chauffage.fr\/wbst\/wp-json\/wp\/v2\/pages"}],"about":[{"href":"https:\/\/lbp-chauffage.fr\/wbst\/wp-json\/wp\/v2\/types\/page"}],"author":[{"embeddable":true,"href":"https:\/\/lbp-chauffage.fr\/wbst\/wp-json\/wp\/v2\/users\/6"}],"replies":[{"embeddable":true,"href":"https:\/\/lbp-chauffage.fr\/wbst\/wp-json\/wp\/v2\/comments?post=6"}],"version-history":[{"count":0,"href":"https:\/\/lbp-chauffage.fr\/wbst\/wp-json\/wp\/v2\/pages\/6\/revisions"}],"wp:attachment":[{"href":"https:\/\/lbp-chauffage.fr\/wbst\/wp-json\/wp\/v2\/media?parent=6"}],"curies":[{"name":"wp","href":"https:\/\/api.w.org\/{rel}","templated":true}]}}